{"id":15,"date":"2019-01-23T12:32:44","date_gmt":"2019-01-23T12:32:44","guid":{"rendered":"https:\/\/www.yogayogi.hu\/hu\/cookies\/"},"modified":"2019-05-09T10:33:42","modified_gmt":"2019-05-09T09:33:42","slug":"cookies","status":"publish","type":"page","link":"https:\/\/www.yogayogi.hu\/hu\/cookies\/","title":{"rendered":"YogaYogi S\u00fcti Ir\u00e1nyelvek"},"content":{"rendered":"<p><span style=\"font-weight: 400;\">A YogaYogi a cookie-kat sz\u00e9les k\u00f6rben haszn\u00e1lja, \u00e9s azzal, hogy beleegyezik az \u00c1ltal\u00e1nos Szerz\u0151d\u00e9si Felt\u00e9telekbe, elfogadja, hogy b\u00e1rmilyen cookie-t hozhatunk l\u00e9tre \u00e9s haszn\u00e1lhatunk, amit a YogaYogi j\u00f3nak tal\u00e1l, bele\u00e9rtve, de nem kiz\u00e1r\u00f3lagosan, a webhely teljes\u00edtm\u00e9ny\u00e9re szolg\u00e1l\u00f3 cookie-kat, geotargeting cookie-kat, hirdet\u00e9si cookie-kat, regisztr\u00e1ci\u00f3s cookie-kat, anonim elemz\u0151 cookie-kat \u00e9s a harmadik felek \u00e1ltal k\u00e9sz\u00edtett hirdet\u00e9si cookie-kat. <\/span><\/p>\n<p><span style=\"font-weight: 400;\">A gy\u0171jtem\u00e9nyt \u00e9s az elemz\u00e9st vagy ezeket a cookie-kat b\u00e1rmikor kikapcsolhatja a b\u00f6ng\u00e9sz\u0151 be\u00e1ll\u00edt\u00e1sai seg\u00edts\u00e9g\u00e9vel.<\/span><\/p>\n<p><span style=\"font-weight: 400;\">Ha b\u00e1rmilyen k\u00e9rd\u00e9se van a cookie-k haszn\u00e1lat\u00e1val kapcsolatban, k\u00e9rj\u00fck, l\u00e9pjen kapcsolatba az xxxxxxxxxxxxxxxxxxxxxxxxx c\u00edmk\u00e9vel. A cookie-kkal kapcsolatos \u00e1ltal\u00e1nosabb inform\u00e1ci\u00f3kat itt tal\u00e1lja: www.allaboutcookies.org.<\/span><\/p>\n","protected":false},"excerpt":{"rendered":"","protected":false},"author":1,"featured_media":0,"parent":0,"menu_order":0,"comment_status":"closed","ping_status":"closed","template":"","meta":{"footnotes":""},"class_list":["post-15","page","type-page","status-publish","hentry","odd"],"yoast_head":"<!-- This site is optimized with the Yoast SEO plugin v26.2 - https:\/\/yoast.com\/wordpress\/plugins\/seo\/ -->\n<title>YogaYogi S\u00fcti Ir\u00e1nyelvek &#8212; YogaYogi Magyarorsz\u00e1g<\/title>\n<meta name=\"robots\" content=\"index, follow, max-snippet:-1, max-image-preview:large, max-video-preview:-1\" \/>\n<link rel=\"canonical\" href=\"https:\/\/www.yogayogi.hu\/hu\/cookies\/\" \/>\n<meta property=\"og:locale\" content=\"hu_HU\" \/>\n<meta property=\"og:type\" content=\"article\" \/>\n<meta property=\"og:title\" content=\"YogaYogi S\u00fcti Ir\u00e1nyelvek &#8212; YogaYogi Magyarorsz\u00e1g\" \/>\n<meta property=\"og:url\" content=\"https:\/\/www.yogayogi.hu\/hu\/cookies\/\" \/>\n<meta property=\"og:site_name\" content=\"YogaYogi Magyarorsz\u00e1g\" \/>\n<meta property=\"article:modified_time\" content=\"2019-05-09T09:33:42+00:00\" \/>\n<meta name=\"twitter:card\" content=\"summary_large_image\" \/>\n<meta name=\"twitter:label1\" content=\"Becs\u00fclt olvas\u00e1si id\u0151\" \/>\n\t<meta name=\"twitter:data1\" content=\"1 perc\" \/>\n<script type=\"application\/ld+json\" class=\"yoast-schema-graph\">{\"@context\":\"https:\/\/schema.org\",\"@graph\":[{\"@type\":\"WebPage\",\"@id\":\"https:\/\/www.yogayogi.hu\/hu\/cookies\/\",\"url\":\"https:\/\/www.yogayogi.hu\/hu\/cookies\/\",\"name\":\"YogaYogi S\u00fcti Ir\u00e1nyelvek &#8212; YogaYogi Magyarorsz\u00e1g\",\"isPartOf\":{\"@id\":\"https:\/\/www.yogayogi.hu\/hu\/#website\"},\"datePublished\":\"2019-01-23T12:32:44+00:00\",\"dateModified\":\"2019-05-09T09:33:42+00:00\",\"breadcrumb\":{\"@id\":\"https:\/\/www.yogayogi.hu\/hu\/cookies\/#breadcrumb\"},\"inLanguage\":\"hu\",\"potentialAction\":[{\"@type\":\"ReadAction\",\"target\":[\"https:\/\/www.yogayogi.hu\/hu\/cookies\/\"]}]},{\"@type\":\"BreadcrumbList\",\"@id\":\"https:\/\/www.yogayogi.hu\/hu\/cookies\/#breadcrumb\",\"itemListElement\":[{\"@type\":\"ListItem\",\"position\":1,\"name\":\"Home\",\"item\":\"https:\/\/www.yogayogi.hu\/hu\/\"},{\"@type\":\"ListItem\",\"position\":2,\"name\":\"YogaYogi S\u00fcti Ir\u00e1nyelvek\"}]},{\"@type\":\"WebSite\",\"@id\":\"https:\/\/www.yogayogi.hu\/hu\/#website\",\"url\":\"https:\/\/www.yogayogi.hu\/hu\/\",\"name\":\"YogaYogi Magyarorsz\u00e1g\",\"description\":\"Az \u00fatmutat\u00f3d a j\u00f3g\u00e1hoz Magyarorsz\u00e1gon\",\"potentialAction\":[{\"@type\":\"SearchAction\",\"target\":{\"@type\":\"EntryPoint\",\"urlTemplate\":\"https:\/\/www.yogayogi.hu\/hu\/?s={search_term_string}\"},\"query-input\":{\"@type\":\"PropertyValueSpecification\",\"valueRequired\":true,\"valueName\":\"search_term_string\"}}],\"inLanguage\":\"hu\"}]}<\/script>\n<!-- \/ Yoast SEO plugin. -->","yoast_head_json":{"title":"YogaYogi S\u00fcti Ir\u00e1nyelvek &#8212; YogaYogi Magyarorsz\u00e1g","robots":{"index":"index","follow":"follow","max-snippet":"max-snippet:-1","max-image-preview":"max-image-preview:large","max-video-preview":"max-video-preview:-1"},"canonical":"https:\/\/www.yogayogi.hu\/hu\/cookies\/","og_locale":"hu_HU","og_type":"article","og_title":"YogaYogi S\u00fcti Ir\u00e1nyelvek &#8212; YogaYogi Magyarorsz\u00e1g","og_url":"https:\/\/www.yogayogi.hu\/hu\/cookies\/","og_site_name":"YogaYogi Magyarorsz\u00e1g","article_modified_time":"2019-05-09T09:33:42+00:00","twitter_card":"summary_large_image","twitter_misc":{"Becs\u00fclt olvas\u00e1si id\u0151":"1 perc"},"schema":{"@context":"https:\/\/schema.org","@graph":[{"@type":"WebPage","@id":"https:\/\/www.yogayogi.hu\/hu\/cookies\/","url":"https:\/\/www.yogayogi.hu\/hu\/cookies\/","name":"YogaYogi S\u00fcti Ir\u00e1nyelvek &#8212; YogaYogi Magyarorsz\u00e1g","isPartOf":{"@id":"https:\/\/www.yogayogi.hu\/hu\/#website"},"datePublished":"2019-01-23T12:32:44+00:00","dateModified":"2019-05-09T09:33:42+00:00","breadcrumb":{"@id":"https:\/\/www.yogayogi.hu\/hu\/cookies\/#breadcrumb"},"inLanguage":"hu","potentialAction":[{"@type":"ReadAction","target":["https:\/\/www.yogayogi.hu\/hu\/cookies\/"]}]},{"@type":"BreadcrumbList","@id":"https:\/\/www.yogayogi.hu\/hu\/cookies\/#breadcrumb","itemListElement":[{"@type":"ListItem","position":1,"name":"Home","item":"https:\/\/www.yogayogi.hu\/hu\/"},{"@type":"ListItem","position":2,"name":"YogaYogi S\u00fcti Ir\u00e1nyelvek"}]},{"@type":"WebSite","@id":"https:\/\/www.yogayogi.hu\/hu\/#website","url":"https:\/\/www.yogayogi.hu\/hu\/","name":"YogaYogi Magyarorsz\u00e1g","description":"Az \u00fatmutat\u00f3d a j\u00f3g\u00e1hoz Magyarorsz\u00e1gon","potentialAction":[{"@type":"SearchAction","target":{"@type":"EntryPoint","urlTemplate":"https:\/\/www.yogayogi.hu\/hu\/?s={search_term_string}"},"query-input":{"@type":"PropertyValueSpecification","valueRequired":true,"valueName":"search_term_string"}}],"inLanguage":"hu"}]}},"_links":{"self":[{"href":"https:\/\/www.yogayogi.hu\/hu\/wp-json\/wp\/v2\/pages\/15","targetHints":{"allow":["GET"]}}],"collection":[{"href":"https:\/\/www.yogayogi.hu\/hu\/wp-json\/wp\/v2\/pages"}],"about":[{"href":"https:\/\/www.yogayogi.hu\/hu\/wp-json\/wp\/v2\/types\/page"}],"author":[{"embeddable":true,"href":"https:\/\/www.yogayogi.hu\/hu\/wp-json\/wp\/v2\/users\/1"}],"replies":[{"embeddable":true,"href":"https:\/\/www.yogayogi.hu\/hu\/wp-json\/wp\/v2\/comments?post=15"}],"version-history":[{"count":0,"href":"https:\/\/www.yogayogi.hu\/hu\/wp-json\/wp\/v2\/pages\/15\/revisions"}],"wp:attachment":[{"href":"https:\/\/www.yogayogi.hu\/hu\/wp-json\/wp\/v2\/media?parent=15"}],"curies":[{"name":"wp","href":"https:\/\/api.w.org\/{rel}","templated":true}]}}