{"id":35,"date":"2019-02-12T09:47:33","date_gmt":"2019-02-12T08:47:33","guid":{"rendered":"https:\/\/www.yogayogi.hu\/hu\/?page_id=35"},"modified":"2019-05-09T10:25:19","modified_gmt":"2019-05-09T09:25:19","slug":"terms-conditions","status":"publish","type":"page","link":"https:\/\/www.yogayogi.hu\/hu\/terms-conditions\/","title":{"rendered":"YogaYogi \u00c1ltal\u00e1nos Szerz\u0151d\u00e9si Felt\u00e9telek"},"content":{"rendered":"<p><span style=\"font-weight: 400;\">Az al\u00e1bbi felt\u00e9telek \u00e9s felt\u00e9telek t\u00e1j\u00e9koztatj\u00e1k \u00d6nt jogair\u00f3l \u00e9s felel\u0151ss\u00e9geir\u0151l, \u00e9s jogilag k\u00f6telez\u0151 \u00e9rv\u00e9ny\u0171 meg\u00e1llapod\u00e1st k\u00f6tnek \u00d6n \u00e9s a YogaYogi.eu (\u201eYogaYogi\u201d n\u00e9v szerint eml\u00edtve ett\u0151l a pontt\u00f3l kezdve) k\u00f6z\u00f6tt. K\u00e9rj\u00fck, figyelmesen olvassa el a felt\u00e9teleket, miel\u0151tt tov\u00e1bbl\u00e9pne a weboldal t\u00f6bbi oldal\u00e1ra. Ha nem \u00e9rt egyet az al\u00e1bbi felt\u00e9telekkel, k\u00e9rj\u00fck, halad\u00e9ktalanul hagyja abba a webhely \u00e9s az oldalak haszn\u00e1lat\u00e1t. A YogaYogi.eu haszn\u00e1lat\u00e1val \u00d6n egyidej\u0171leg elfogadja az al\u00e1bbi \u00c1ltal\u00e1nos Szerz\u0151d\u00e9si Felt\u00e9teleket.<\/span><\/p>\n<h2><span style=\"font-weight: 400;\">\u00c1ltal\u00e1nos <\/span><\/h2>\n<p><span style=\"font-weight: 400;\">A YogaYogi fenntartja mag\u00e1nak a jogot, hogy teljes k\u00f6r\u0171 ellen\u0151rz\u00e9st gyakoroljon a felsorolt \u200b\u200bfelt\u00e9teleken \u00e9s kik\u00f6t\u00e9seken. A YogaYogi b\u00e1rmikor m\u00f3dos\u00edthatja, kieg\u00e9sz\u00edtheti, hozz\u00e1adhatja vagy elt\u00e1vol\u00edthatja ezeket el\u0151zetes \u00e9rtes\u00edt\u00e9s vagy konzult\u00e1ci\u00f3 n\u00e9lk\u00fcl, b\u00e1rmikor.<\/span><\/p>\n<h2><span style=\"font-weight: 400;\">Tartalom <\/span><\/h2>\n<p><span style=\"font-weight: 400;\">Minden szerz\u0151i jogi t\u00f6rv\u00e9ny vonatkozik a YogaYogi-on k\u00f6zz\u00e9tett tartalomra is, legyen sz\u00f3 vizu\u00e1lis, \u00edrott vagy hanganyagr\u00f3l, vagy egy adott t\u00e9m\u00e1r\u00f3l vagy st\u00edlusr\u00f3l &#8211; b\u00e1rmely r\u00e9sz\u00e9nek haszn\u00e1lat\u00e1t ezek a t\u00f6rv\u00e9nyek szab\u00e1lyozz\u00e1k. A YogaYogi lehet\u0151v\u00e9 teszi tartalm\u00e1nak \u00fajrafelhaszn\u00e1l\u00e1s\u00e1t, m\u00e1sol\u00e1s\u00e1t, sokszoros\u00edt\u00e1s\u00e1t vagy id\u00e9z\u00e9s\u00e9t kiz\u00e1r\u00f3lag nem kereskedelmi c\u00e9l\u00fa, vagy szem\u00e9lyes haszn\u00e1latra. B\u00e1rmilyen m\u00e1s t\u00edpus\u00fa felhaszn\u00e1l\u00e1s egyet jelent az itt felsorolt felt\u00e9telek megszeg\u00e9s\u00e9vel.<\/span><\/p>\n<p><span style=\"font-weight: 400;\">A YogaYogi fenntartja a jogot, de nem kell gyakorolnia azt, hogy megvizsg\u00e1lja az \u00f6sszes felhaszn\u00e1l\u00f3 \u00e1ltal l\u00e9trehozott tartalmat, \u00e9s m\u00f3dos\u00edt\u00e1sokat v\u00e9gezzen, bele\u00e9rtve a t\u00f6rl\u00e9st is, ha hely\u00e9nval\u00f3nak tal\u00e1lja.<\/span><\/p>\n<p><span style=\"font-weight: 400;\">A vonatkoz\u00f3 szerz\u0151i jogi t\u00f6rv\u00e9nyekkel \u00f6sszhangban tilos az illeg\u00e1lis felhaszn\u00e1l\u00f3i tartalom, valamint az olyan tartalmak, amelyek b\u00e1rmilyen t\u00edpus\u00fa illeg\u00e1lis tev\u00e9kenys\u00e9get el\u0151seg\u00edtenek.<\/span><\/p>\n<p><span style=\"font-weight: 400;\">A YogaYogi \u00fcdv\u00f6zli a l\u00e1togat\u00f3k visszajelz\u00e9seit, de nem fogad el semmilyen k\u00e9retlen beadv\u00e1nyt, \u00e9s fenntartja mag\u00e1nak a jogot, hogy teljesen figyelmen k\u00edv\u00fcl hagyja \u0151ket.<\/span><\/p>\n<p><span style=\"font-weight: 400;\">Minden tartalom az \u00edr\u00e1s sor\u00e1n t\u00e9nyszer\u0171en helyesnek tekintend\u0151, de a YogaYogi fenntartja mag\u00e1nak a jogot, hogy hib\u00e1san jelen\u00edtse meg ezeket a t\u00e9nyeket szatirikus m\u00f3don, vagy figyelmen k\u00edv\u00fcl hagyja a t\u00e1rgyalt t\u00e9m\u00e1val kapcsolatos t\u00e9nyeket. ? <\/span><\/p>\n<p><span style=\"font-weight: 400;\">A YogaYogi nem v\u00e1llal felel\u0151ss\u00e9get semmilyen vesztes\u00e9g\u00e9rt, k\u00e1r\u00e9rt vagy egy\u00e9b k\u00f6lts\u00e9gek\u00e9rt, amelyek a YogaYogi b\u00e1rmely tartalm\u00e1nak eredm\u00e9nyek\u00e9ppen hozott d\u00f6nt\u00e9sekhez, v\u00e1s\u00e1rl\u00e1sokhoz vagy fogad\u00e1sokhoz kapcsol\u00f3dnak.<\/span><\/p>\n<p><span style=\"font-weight: 400;\">Minden \u00e9rt\u00e9kel\u00e9s \u00e9s min\u0151s\u00edt\u00e9s a YogaYogi k\u00f6zrem\u0171k\u00f6d\u0151inek \u00e9s vezet\u0151inek szubjekt\u00edv v\u00e9lem\u00e9nye, \u0151k pedig j\u00f3indulattal \u00e1llnak rendelkez\u00e9sre.<\/span><\/p>\n<p><span style=\"font-weight: 400;\">A YogaYogi igyekszik a lehet\u0151 leg\u00e1tfog\u00f3bb lenni, de nem tehet\u0151 felel\u0151ss\u00e9 a mulaszt\u00e1sok, pontatlans\u00e1gokb\u00f3l vagy t\u00e9ves \u00e9rtelmez\u00e9sekb\u0151l ered\u0151 hib\u00e1k ut\u00e1n. A YogaYogi nem tesz \u00e1ll\u00edt\u00e1sokat a v\u00e9lt helyesnek hitt t\u00e9nyekr\u0151l, v\u00e9lem\u00e9nyekr\u0151l, \u00edt\u00e9letekr\u0151l vagy b\u00edr\u00e1latokr\u00f3l.<\/span><\/p>\n<h2><span style=\"font-weight: 400;\">K\u00f6z\u00f6ss\u00e9gi szab\u00e1lyok<\/span><\/h2>\n<p><span style=\"font-weight: 400;\">A YogaYogi nem enged meg rasszista, szexista vagy homof\u00f3b megjegyz\u00e9seket. A YogaYogi nem fogja elviselni a gy\u0171l\u00f6letbesz\u00e9det semmilyen szem\u00e9lyt\u0151l, szem\u00e9lyekt\u0151l vagy szem\u00e9lycsoportt\u00f3l. A YogaYogi fenntartja mag\u00e1nak a jogot arra, hogy megtegyen minden olyan int\u00e9zked\u00e9st, amelyet alkalmasnak tal\u00e1l arra, hogy elt\u00e1vol\u00edtsa az ilyen tartalmat, \u00e9s b\u00fcntet\u0151 int\u00e9zked\u00e9seket hozzon az ilyen besz\u00e9d\u00e9rt felel\u0151s szem\u00e9lyek ellen.<\/span><\/p>\n<p><span style=\"font-weight: 400;\">A felhaszn\u00e1l\u00f3 \u00e9s a l\u00e1togat\u00f3k felel\u0151sek, \u00e9s felel\u0151ss\u00e9ggel tartoznak a fi\u00f3kjukban folytatott bejegyz\u00e9sek\u00e9rt f\u00fcggetlen\u00fcl att\u00f3l, hogy ki hozta l\u00e9tre a bejegyz\u00e9st \u00e9s f\u00fcggetlen\u00fcl att\u00f3l, hogy a regisztr\u00e1lt felhaszn\u00e1l\u00f3 enged\u00e9lyt adott-e erre.<\/span><\/p>\n<p><span style=\"font-weight: 400;\">B\u00e1rmely felhaszn\u00e1l\u00f3 \u00e1ltal l\u00e9trehozott tartalom, amely b\u00e1rmely csoportot vagy m\u00e1s felhaszn\u00e1l\u00f3t vagy l\u00e1togat\u00f3t megt\u00e9veszti, f\u00e9lre\u00e9rtelmezi vagy rosszul inform\u00e1lja, t\u00f6r\u00f6lhet\u0151 a menedzsment saj\u00e1t bel\u00e1t\u00e1sa szerint, mint b\u00e1rmely olyan tartalom, amely ak\u00e1rmilyen m\u00f3don k\u00e1rosnak min\u0151s\u00fcl.<\/span><\/p>\n<p><span style=\"font-weight: 400;\">Minden olyan bejegyz\u00e9st, fi\u00f3kot vagy egy\u00e9b, a felhaszn\u00e1l\u00f3 \u00e1ltal gener\u00e1lt tartalmat t\u00f6r\u00f6lni fogunk, amely v\u00edrus, tr\u00f3jai v\u00edrus, vagy m\u00e1s k\u00e1ros szoftver tov\u00e1bb\u00edt\u00e1s\u00e1ra vagy terjeszt\u00e9s\u00e9re t\u00f6rekszik.<\/span><\/p>\n<p><span style=\"font-weight: 400;\">Tilos minden olyan k\u00eds\u00e9rlet, amely a YogaYogit haszn\u00e1lja kereskedelmi javak szerz\u00e9s\u00e9re tilos, \u00e9s minden ilyen fi\u00f3kot t\u00f6r\u00f6lni fogunk. ?<\/span><\/p>\n<p><span style=\"font-weight: 400;\">T\u00f6r\u00f6lni kell minden olyan r\u00e1galmaz\u00f3, v\u00e1daskod\u00f3, obszc\u00e9n, pornogr\u00e1f, s\u00e9rteget\u0151, zaklat\u00f3, fenyeget\u0151 bejegyz\u00e9st, amely b\u00e1rmely jogellenes cselekm\u00e9nyt vagy b\u00e1rmilyen b\u0171ncselekm\u00e9nyt el\u0151seg\u00edt.<\/span><\/p>\n<p><span style=\"font-weight: 400;\">A YogaYogi fenntartja mag\u00e1nak a jogot, hogy b\u00e1rmikor megv\u00e1ltoztassa a k\u00f6z\u00f6ss\u00e9gi szab\u00e1lyokat &#8211; a felhaszn\u00e1l\u00f3kat az \u00faj szab\u00e1lyok a weboldalon val\u00f3 k\u00f6zz\u00e9t\u00e9tel ut\u00e1n azonnal k\u00f6tik.<\/span><\/p>\n<p><span style=\"font-weight: 400;\">A YogaYogi nem k\u00f6teles megfigyelni, szerkeszteni vagy cenz\u00far\u00e1zni a felhaszn\u00e1l\u00f3k \u00e1ltal l\u00e9trehozott tartalmakat, de fenntartja mag\u00e1nak a jogot, ami mag\u00e1ban foglalja a b\u0171n\u00fcld\u00f6z\u00e9si vizsg\u00e1l\u00f3d\u00e1s bevon\u00e1s\u00e1t is, ha a szerz\u0151d\u00e9si felt\u00e9telek megs\u00e9rt\u00e9sre \u00e9s megszeg\u00e9sre ker\u00fclnek.<\/span><\/p>\n<h2><span style=\"font-weight: 400;\">Elismer\u00e9sek<\/span><\/h2>\n<p><span style=\"font-weight: 400;\">Minden cikket, \u00e1ttekint\u00e9st \u00e9s v\u00e9lem\u00e9nyt a Yoga Yogi k\u00f6zrem\u0171k\u00f6d\u0151i hoznak l\u00e9tre, an\u00e9lk\u00fcl, hogy a j\u00f3ga st\u00fadi\u00f3kt\u00f3l kompenz\u00e1ci\u00f3t kapn\u00e1nak &#8211; a Yoga Yogi szigor\u00faan f\u00fcggetlen a j\u00f3ga st\u00fadi\u00f3k jutalmait\u00f3l, illetve sz\u00edvess\u00e9geit\u0151l.<\/span><\/p>\n<p><span style=\"font-weight: 400;\">A hirdet\u00e9seket egy\u00e9rtelm\u0171en megjel\u00f6l\u00e9sre ker\u00fclnek.<\/span><\/p>\n<h2><span style=\"font-weight: 400;\">K\u00e1rtalan\u00edt\u00e1s<\/span><\/h2>\n<p><span style=\"font-weight: 400;\">A YogaYogi-hoz val\u00f3 hozz\u00e1f\u00e9r\u00e9s r\u00e9v\u00e9n k\u00e1rtalan\u00edtja a YogaYogi-t, a menedzsmentet \u00e9s a szerkeszt\u0151ket, k\u00f6zrem\u0171k\u00f6d\u0151ket \u00e9s partnereit a jogi felel\u0151ss\u00e9g al\u00f3l, valamint az olyan vesztes\u00e9gek\u00e9rt, k\u00e1rok\u00e9rt, k\u00f6lts\u00e9gek\u00e9rt \u00e9s kiad\u00e1sok\u00e9rt (ide\u00e9rtve a jogi k\u00f6lts\u00e9geket is) amelyek az \u00e9rt\u00e9kel\u00e9sek, aj\u00e1nl\u00e1sok k\u00f6vetkezt\u00e9ben t\u00f6rt\u00e9ntek. <\/span><span style=\"font-weight: 400;\"><br \/>\n<\/span><span style=\"font-weight: 400;\">A YogaYogi fenntartja mag\u00e1nak a jogot, hogy kiz\u00e1r\u00f3lagosan v\u00e9dje a honlapj\u00e1n keletkezett k\u00e1rtalan\u00edt\u00e1si k\u00e9rd\u00e9seket, \u00e9s ebben az esetben \u00d6n is beleegyezik abba, hogy teljes m\u00e9rt\u00e9kben egy\u00fcttm\u0171k\u00f6dik ezzel a v\u00e9dekez\u00e9ssel.<\/span><\/p>\n<h2><span style=\"font-weight: 400;\">Szerz\u0151i jogs\u00e9rt\u00e9si k\u00f6vetel\u00e9sek <\/span><\/h2>\n<p><span style=\"font-weight: 400;\">A YogaYogi tulajdon\u00e1ban \u00e1ll\u00f3 \u00f6sszes inform\u00e1ci\u00f3 tov\u00e1bbra is a YogaYogi kiz\u00e1r\u00f3lagos tulajdon\u00e1t k\u00e9pezi, \u00e9s a szerz\u0151i jogi t\u00f6rv\u00e9nyek tiltj\u00e1k annak m\u00e1sol\u00e1s\u00e1t, tov\u00e1bb\u00edt\u00e1s\u00e1t vagy kereskedelmi c\u00e9l\u00fa megjelen\u00edt\u00e9s\u00e9t. Ha a YogaYogi b\u00e1rmely tartalma a szerz\u0151i jogi t\u00f6rv\u00e9ny megs\u00e9rt\u00e9s\u00e9nek min\u0151s\u00fcl, \u00e9s sz\u00fcks\u00e9g van a YogaYogi elleni v\u00e1demel\u00e9sre, akkor azonnal l\u00e9pjen kapcsolatba a XXXXXXXXXXXXXXXXXXXXXX c\u00edmmel az elj\u00e1r\u00e1s megkezd\u00e9s\u00e9hez \u00e9s a szerz\u0151i jogi t\u00f6rv\u00e9nyben el\u0151\u00edrt jogi dokumentumok teljes list\u00e1j\u00e1nak megtekint\u00e9s\u00e9hez. B\u00e1rmilyen jelleg\u0171 k\u00f6vetel\u00e9s, a szerz\u0151i jog jogs\u00e9rt\u00e9s\u00e9t k\u00f6vet\u0151 egy napt\u00e1ri \u00e9vben t\u00f6rt\u00e9nhet meg. Minden jogi k\u00f6vetel\u00e9s az olyan felek \u00e1ltal, akik a YogaYogi b\u00e1rmelyik oldal\u00e1hoz hozz\u00e1f\u00e9rtek csak egy \u00e9vig \u00e9rv\u00e9nyes.<\/span><\/p>\n<h2><span style=\"font-weight: 400;\">Korl\u00e1tozott Felel\u0151ss\u00e9gi Nyilatkozat<\/span><\/h2>\n<p><span style=\"font-weight: 400;\">A YogaYogi \u00e9s a hozz\u00e1 tartoz\u00f3 j\u00f3ga st\u00fadi\u00f3 jegyz\u00e9k nem ny\u00fajt garanci\u00e1t a webhelyhez val\u00f3 hozz\u00e1f\u00e9r\u00e9s ut\u00e1n, az \u00e1ltaluk eml\u00edtett, hivatkozott, prom\u00f3ci\u00f3ban eml\u00edtett vagy rekl\u00e1mozott b\u00e1rmely szolg\u00e1ltat\u00e1sra vagy \u00e1rura, nincs jogi felel\u0151ss\u00e9ge az azokban foglalt inform\u00e1ci\u00f3k pontoss\u00e1g\u00e1\u00e9rt amit vagy partnerek vagy le\u00e1nyv\u00e1llalataik helyeztek el a honlapra. <\/span><span style=\"font-weight: 400;\">A YogaYogi fenntartja mag\u00e1nak a jogot, hogy b\u00e1rmikor, el\u0151zetes \u00e9rtes\u00edt\u00e9s vagy konzult\u00e1ci\u00f3 n\u00e9lk\u00fcl \u00e9rtelmezze vagy \u00fajra-\u00e9rtelmezze ezeket a felt\u00e9teleket, \u00e9s minden olyan int\u00e9zked\u00e9st megtegyen, amelyet a YogaYogi vezet\u0151s\u00e9g d\u00f6nt\u00e9se szerint helyes.<\/span><\/p>\n","protected":false},"excerpt":{"rendered":"","protected":false},"author":1,"featured_media":0,"parent":0,"menu_order":0,"comment_status":"closed","ping_status":"closed","template":"","meta":{"footnotes":""},"class_list":["post-35","page","type-page","status-publish","hentry","odd"],"yoast_head":"<!-- This site is optimized with the Yoast SEO plugin v26.2 - https:\/\/yoast.com\/wordpress\/plugins\/seo\/ -->\n<title>YogaYogi \u00c1ltal\u00e1nos Szerz\u0151d\u00e9si Felt\u00e9telek &#8212; YogaYogi Magyarorsz\u00e1g<\/title>\n<meta name=\"robots\" content=\"index, follow, max-snippet:-1, max-image-preview:large, max-video-preview:-1\" \/>\n<link rel=\"canonical\" href=\"https:\/\/www.yogayogi.hu\/hu\/terms-conditions\/\" \/>\n<meta property=\"og:locale\" content=\"hu_HU\" \/>\n<meta property=\"og:type\" content=\"article\" \/>\n<meta property=\"og:title\" content=\"YogaYogi \u00c1ltal\u00e1nos Szerz\u0151d\u00e9si Felt\u00e9telek &#8212; YogaYogi Magyarorsz\u00e1g\" \/>\n<meta property=\"og:url\" content=\"https:\/\/www.yogayogi.hu\/hu\/terms-conditions\/\" \/>\n<meta property=\"og:site_name\" content=\"YogaYogi Magyarorsz\u00e1g\" \/>\n<meta property=\"article:modified_time\" content=\"2019-05-09T09:25:19+00:00\" \/>\n<meta name=\"twitter:card\" content=\"summary_large_image\" \/>\n<meta name=\"twitter:label1\" content=\"Becs\u00fclt olvas\u00e1si id\u0151\" \/>\n\t<meta name=\"twitter:data1\" content=\"7 perc\" \/>\n<script type=\"application\/ld+json\" class=\"yoast-schema-graph\">{\"@context\":\"https:\/\/schema.org\",\"@graph\":[{\"@type\":\"WebPage\",\"@id\":\"https:\/\/www.yogayogi.hu\/hu\/terms-conditions\/\",\"url\":\"https:\/\/www.yogayogi.hu\/hu\/terms-conditions\/\",\"name\":\"YogaYogi \u00c1ltal\u00e1nos Szerz\u0151d\u00e9si Felt\u00e9telek &#8212; YogaYogi Magyarorsz\u00e1g\",\"isPartOf\":{\"@id\":\"https:\/\/www.yogayogi.hu\/hu\/#website\"},\"datePublished\":\"2019-02-12T08:47:33+00:00\",\"dateModified\":\"2019-05-09T09:25:19+00:00\",\"breadcrumb\":{\"@id\":\"https:\/\/www.yogayogi.hu\/hu\/terms-conditions\/#breadcrumb\"},\"inLanguage\":\"hu\",\"potentialAction\":[{\"@type\":\"ReadAction\",\"target\":[\"https:\/\/www.yogayogi.hu\/hu\/terms-conditions\/\"]}]},{\"@type\":\"BreadcrumbList\",\"@id\":\"https:\/\/www.yogayogi.hu\/hu\/terms-conditions\/#breadcrumb\",\"itemListElement\":[{\"@type\":\"ListItem\",\"position\":1,\"name\":\"Home\",\"item\":\"https:\/\/www.yogayogi.hu\/hu\/\"},{\"@type\":\"ListItem\",\"position\":2,\"name\":\"YogaYogi \u00c1ltal\u00e1nos Szerz\u0151d\u00e9si Felt\u00e9telek\"}]},{\"@type\":\"WebSite\",\"@id\":\"https:\/\/www.yogayogi.hu\/hu\/#website\",\"url\":\"https:\/\/www.yogayogi.hu\/hu\/\",\"name\":\"YogaYogi Magyarorsz\u00e1g\",\"description\":\"Az \u00fatmutat\u00f3d a j\u00f3g\u00e1hoz Magyarorsz\u00e1gon\",\"potentialAction\":[{\"@type\":\"SearchAction\",\"target\":{\"@type\":\"EntryPoint\",\"urlTemplate\":\"https:\/\/www.yogayogi.hu\/hu\/?s={search_term_string}\"},\"query-input\":{\"@type\":\"PropertyValueSpecification\",\"valueRequired\":true,\"valueName\":\"search_term_string\"}}],\"inLanguage\":\"hu\"}]}<\/script>\n<!-- \/ Yoast SEO plugin. -->","yoast_head_json":{"title":"YogaYogi \u00c1ltal\u00e1nos Szerz\u0151d\u00e9si Felt\u00e9telek &#8212; YogaYogi Magyarorsz\u00e1g","robots":{"index":"index","follow":"follow","max-snippet":"max-snippet:-1","max-image-preview":"max-image-preview:large","max-video-preview":"max-video-preview:-1"},"canonical":"https:\/\/www.yogayogi.hu\/hu\/terms-conditions\/","og_locale":"hu_HU","og_type":"article","og_title":"YogaYogi \u00c1ltal\u00e1nos Szerz\u0151d\u00e9si Felt\u00e9telek &#8212; YogaYogi Magyarorsz\u00e1g","og_url":"https:\/\/www.yogayogi.hu\/hu\/terms-conditions\/","og_site_name":"YogaYogi Magyarorsz\u00e1g","article_modified_time":"2019-05-09T09:25:19+00:00","twitter_card":"summary_large_image","twitter_misc":{"Becs\u00fclt olvas\u00e1si id\u0151":"7 perc"},"schema":{"@context":"https:\/\/schema.org","@graph":[{"@type":"WebPage","@id":"https:\/\/www.yogayogi.hu\/hu\/terms-conditions\/","url":"https:\/\/www.yogayogi.hu\/hu\/terms-conditions\/","name":"YogaYogi \u00c1ltal\u00e1nos Szerz\u0151d\u00e9si Felt\u00e9telek &#8212; YogaYogi Magyarorsz\u00e1g","isPartOf":{"@id":"https:\/\/www.yogayogi.hu\/hu\/#website"},"datePublished":"2019-02-12T08:47:33+00:00","dateModified":"2019-05-09T09:25:19+00:00","breadcrumb":{"@id":"https:\/\/www.yogayogi.hu\/hu\/terms-conditions\/#breadcrumb"},"inLanguage":"hu","potentialAction":[{"@type":"ReadAction","target":["https:\/\/www.yogayogi.hu\/hu\/terms-conditions\/"]}]},{"@type":"BreadcrumbList","@id":"https:\/\/www.yogayogi.hu\/hu\/terms-conditions\/#breadcrumb","itemListElement":[{"@type":"ListItem","position":1,"name":"Home","item":"https:\/\/www.yogayogi.hu\/hu\/"},{"@type":"ListItem","position":2,"name":"YogaYogi \u00c1ltal\u00e1nos Szerz\u0151d\u00e9si Felt\u00e9telek"}]},{"@type":"WebSite","@id":"https:\/\/www.yogayogi.hu\/hu\/#website","url":"https:\/\/www.yogayogi.hu\/hu\/","name":"YogaYogi Magyarorsz\u00e1g","description":"Az \u00fatmutat\u00f3d a j\u00f3g\u00e1hoz Magyarorsz\u00e1gon","potentialAction":[{"@type":"SearchAction","target":{"@type":"EntryPoint","urlTemplate":"https:\/\/www.yogayogi.hu\/hu\/?s={search_term_string}"},"query-input":{"@type":"PropertyValueSpecification","valueRequired":true,"valueName":"search_term_string"}}],"inLanguage":"hu"}]}},"_links":{"self":[{"href":"https:\/\/www.yogayogi.hu\/hu\/wp-json\/wp\/v2\/pages\/35","targetHints":{"allow":["GET"]}}],"collection":[{"href":"https:\/\/www.yogayogi.hu\/hu\/wp-json\/wp\/v2\/pages"}],"about":[{"href":"https:\/\/www.yogayogi.hu\/hu\/wp-json\/wp\/v2\/types\/page"}],"author":[{"embeddable":true,"href":"https:\/\/www.yogayogi.hu\/hu\/wp-json\/wp\/v2\/users\/1"}],"replies":[{"embeddable":true,"href":"https:\/\/www.yogayogi.hu\/hu\/wp-json\/wp\/v2\/comments?post=35"}],"version-history":[{"count":0,"href":"https:\/\/www.yogayogi.hu\/hu\/wp-json\/wp\/v2\/pages\/35\/revisions"}],"wp:attachment":[{"href":"https:\/\/www.yogayogi.hu\/hu\/wp-json\/wp\/v2\/media?parent=35"}],"curies":[{"name":"wp","href":"https:\/\/api.w.org\/{rel}","templated":true}]}}