{"id":4269,"date":"2024-09-23T17:12:27","date_gmt":"2024-09-23T16:12:27","guid":{"rendered":"https:\/\/www.yogayogi.hu\/hu\/?page_id=4269"},"modified":"2026-03-23T10:58:44","modified_gmt":"2026-03-23T09:58:44","slug":"noi-kor","status":"publish","type":"page","link":"https:\/\/www.yogayogi.hu\/hu\/noi-kor\/","title":{"rendered":"N\u0151i k\u00f6r"},"content":{"rendered":"\t\t<div data-elementor-type=\"wp-page\" data-elementor-id=\"4269\" class=\"elementor elementor-4269\">\n\t\t\t\t\t\t<section class=\"elementor-section elementor-top-section elementor-element elementor-element-065d84b elementor-section-boxed elementor-section-height-default elementor-section-height-default\" data-id=\"065d84b\" data-element_type=\"section\">\n\t\t\t\t\t\t<div class=\"elementor-container elementor-column-gap-default\">\n\t\t\t\t\t<div class=\"elementor-column elementor-col-100 elementor-top-column elementor-element elementor-element-cfb1e8d\" data-id=\"cfb1e8d\" data-element_type=\"column\">\n\t\t\t<div class=\"elementor-widget-wrap elementor-element-populated\">\n\t\t\t\t\t\t<div class=\"elementor-element elementor-element-24052d0 elementor-widget elementor-widget-text-editor\" data-id=\"24052d0\" data-element_type=\"widget\" data-widget_type=\"text-editor.default\">\n\t\t\t\t<div class=\"elementor-widget-container\">\n\t\t\t\t\t\t\t\t\t<p class=\"isSelectedEnd\">Van egy pont, ahol m\u00e1r nem t\u00f6bb inform\u00e1ci\u00f3ra van sz\u00fcks\u00e9ged \u2014 hanem t\u00e9rre.<\/p><p class=\"isSelectedEnd\">T\u00e9rre, ahol nem kell megfelelned.<br \/>Ahol nem kell er\u0151snek lenned.<br \/>Ahol nem kell \u201ej\u00f3l m\u0171k\u00f6dn\u00f6d\u201d.<\/p><p>A n\u0151i k\u00f6r egy ilyen hely.<\/p>\t\t\t\t\t\t\t\t<\/div>\n\t\t\t\t<\/div>\n\t\t\t\t<section class=\"elementor-section elementor-inner-section elementor-element elementor-element-e45ca9c elementor-section-boxed elementor-section-height-default elementor-section-height-default\" data-id=\"e45ca9c\" data-element_type=\"section\">\n\t\t\t\t\t\t<div class=\"elementor-container elementor-column-gap-default\">\n\t\t\t\t\t<div class=\"elementor-column elementor-col-50 elementor-inner-column elementor-element elementor-element-df30223\" data-id=\"df30223\" data-element_type=\"column\">\n\t\t\t<div class=\"elementor-widget-wrap elementor-element-populated\">\n\t\t\t\t\t\t<div class=\"elementor-element elementor-element-dfd607e elementor-widget elementor-widget-shortcode\" data-id=\"dfd607e\" data-element_type=\"widget\" data-widget_type=\"shortcode.default\">\n\t\t\t\t<div class=\"elementor-widget-container\">\n\t\t\t\t\t\t\t<div class=\"elementor-shortcode\"><form data-sf-form-id='4268' data-is-rtl='0' data-maintain-state='' data-results-url='https:\/\/www.yogayogi.hu\/hu\/life-coaching\/' data-ajax-url='https:\/\/www.yogayogi.hu\/hu\/life-coaching\/?sf_data=all' data-ajax-form-url='https:\/\/www.yogayogi.hu\/hu\/?sfid=4268&amp;sf_action=get_data&amp;sf_data=form' data-display-result-method='custom_layouts' data-use-history-api='1' data-template-loaded='0' data-lang-code='hu' data-ajax='1' data-ajax-data-type='html' data-ajax-links-selector='.cl-pagination a' data-ajax-target='.search-filter-results-4268' data-ajax-pagination-type='normal' data-update-ajax-url='1' data-only-results-ajax='1' data-scroll-to-pos='0' data-init-paged='1' data-auto-update='1' data-auto-count='1' data-auto-count-refresh-mode='1' action='https:\/\/www.yogayogi.hu\/hu\/life-coaching\/' method='post' class='searchandfilter' id='search-filter-form-4268' autocomplete='off' data-instance-count='1'><ul><li class=\"sf-field-category\" data-sf-field-name=\"_sft_category\" data-sf-field-type=\"category\" data-sf-field-input-type=\"checkbox\">\t\t<ul data-operator=\"or\" class=\"\">\r\n\t\t\t\r\n\t\t\t<li class=\"sf-level-0 sf-item-383\" data-sf-count=\"3\" data-sf-depth=\"0\"><input  class=\"sf-input-checkbox\" type=\"checkbox\" value=\"tudatos-eletmod\" name=\"_sft_category[]\" id=\"sf-input-44b5470b8b3f4f77663b3e8eb05dfda7\"><label class=\"sf-label-checkbox\" for=\"sf-input-44b5470b8b3f4f77663b3e8eb05dfda7\">Tudatos \u00e9letm\u00f3d<span class=\"sf-count\">(3)<\/span><\/label><\/li><li class=\"sf-level-0 sf-item-1358\" data-sf-count=\"2\" data-sf-depth=\"0\"><input  class=\"sf-input-checkbox\" type=\"checkbox\" value=\"noi-kor\" name=\"_sft_category[]\" id=\"sf-input-68ded737eb753c3363fa4909e13c5996\"><label class=\"sf-label-checkbox\" for=\"sf-input-68ded737eb753c3363fa4909e13c5996\">N\u0151i k\u00f6r<span class=\"sf-count\">(2)<\/span><\/label><\/li>\t\t<\/ul>\r\n\t\t<\/li><\/ul><\/form><\/div>\n\t\t\t\t\t\t<\/div>\n\t\t\t\t<\/div>\n\t\t\t\t\t<\/div>\n\t\t<\/div>\n\t\t\t\t<div class=\"elementor-column elementor-col-50 elementor-inner-column elementor-element elementor-element-4f3fa0e\" data-id=\"4f3fa0e\" data-element_type=\"column\">\n\t\t\t<div class=\"elementor-widget-wrap elementor-element-populated\">\n\t\t\t\t\t\t<div class=\"elementor-element elementor-element-fb718ee elementor-widget elementor-widget-shortcode\" data-id=\"fb718ee\" data-element_type=\"widget\" data-widget_type=\"shortcode.default\">\n\t\t\t\t<div class=\"elementor-widget-container\">\n\t\t\t\t\t\t\t<div class=\"elementor-shortcode\"><div class=\"cl-layout-container  search-filter-results-4268\" style=\"--cl-layout-padding:0px;--cl-layout-margin:5px;\"><div  class=\"cl-layout cl-layout--grid cl-layout--id-4267  cl-layout--equal-rows cl-layout--fill-last-row  cl-layout--col-l-3 cl-layout--col-m-3 cl-layout--col-s-2 cl-layout--col-xs-1\"  style=\"--cl-layout-gap-c: 10px;--cl-layout-gap-r: 10px;\n\t\t\" ><div  class=\"cl-layout__item cl-layout__item--id-6888\" ><div  class=\"cl-template cl-template--post cl-template--id-2464 cl-template--image-top\" ><div class=\"cl-element cl-element-featured_media cl-element--instance-1003  cl-element-featured_media--sizing-natural\"><a class=\"cl-element-featured_media__anchor\" href=\"https:\/\/www.yogayogi.hu\/hu\/noi-kor\/noi-kor-kezdoknek-mit-kell-tudnod-mielott-elmesz\/\" title=\"N\u0151i k\u00f6r kezd\u0151knek: mit kell tudnod, miel\u0151tt elm\u00e9sz?\"><img decoding=\"async\"  class=\"cl-element-featured_media__image\"  src=\"https:\/\/www.yogayogi.hu\/hu\/wp-content\/uploads\/2026\/03\/noi-kor-kezdoknek-300x150.jpg\"  \/><\/a><\/div><div class=\"cl-element cl-element-section cl-element--instance-1004 \"><h3 class=\"cl-element cl-element-title cl-element--instance-1001 \"><a class=\"cl-element-title__anchor\" href=\"https:\/\/www.yogayogi.hu\/hu\/noi-kor\/noi-kor-kezdoknek-mit-kell-tudnod-mielott-elmesz\/\">N\u0151i k\u00f6r kezd\u0151knek: mit kell tudnod, miel\u0151tt elm\u00e9sz?<\/a><\/h3><div class=\"cl-element cl-element-published_date cl-element--instance-1002 \">m\u00e1rcius 23, 2026<\/div><\/div><\/div><\/div><div  class=\"cl-layout__item cl-layout__item--id-6878\" ><div  class=\"cl-template cl-template--post cl-template--id-2464 cl-template--image-top\" ><div class=\"cl-element cl-element-featured_media cl-element--instance-1003  cl-element-featured_media--sizing-natural\"><a class=\"cl-element-featured_media__anchor\" href=\"https:\/\/www.yogayogi.hu\/hu\/noi-kor\/mi-az-a-noi-kor\/\" title=\"Mi az a n\u0151i k\u00f6r?  \u2013 Mire sz\u00e1m\u00edts az els\u0151 alkalmon?\"><img decoding=\"async\"  class=\"cl-element-featured_media__image\"  src=\"https:\/\/www.yogayogi.hu\/hu\/wp-content\/uploads\/2026\/03\/mi-az-a-noi-kor-300x150.jpg\"  \/><\/a><\/div><div class=\"cl-element cl-element-section cl-element--instance-1004 \"><h3 class=\"cl-element cl-element-title cl-element--instance-1001 \"><a class=\"cl-element-title__anchor\" href=\"https:\/\/www.yogayogi.hu\/hu\/noi-kor\/mi-az-a-noi-kor\/\">Mi az a n\u0151i k\u00f6r?  \u2013 Mire sz\u00e1m\u00edts az els\u0151 alkalmon?<\/a><\/h3><div class=\"cl-element cl-element-published_date cl-element--instance-1002 \">m\u00e1rcius 23, 2026<\/div><\/div><\/div><\/div><div  class=\"cl-layout__item cl-layout__item--id-6457\" ><div  class=\"cl-template cl-template--post cl-template--id-2464 cl-template--image-top\" ><div class=\"cl-element cl-element-featured_media cl-element--instance-1003  cl-element-featured_media--sizing-natural\"><a class=\"cl-element-featured_media__anchor\" href=\"https:\/\/www.yogayogi.hu\/hu\/noi-kor\/100-onismereti-kerdes-az-uj-evre\/\" title=\"100 \u00f6nismereti k\u00e9rd\u00e9s az \u00faj \u00e9vre\"><img decoding=\"async\"  class=\"cl-element-featured_media__image\"  src=\"https:\/\/www.yogayogi.hu\/hu\/wp-content\/uploads\/2025\/12\/100-onismereti-kerdes-300x150.jpg\"  \/><\/a><\/div><div class=\"cl-element cl-element-section cl-element--instance-1004 \"><h3 class=\"cl-element cl-element-title cl-element--instance-1001 \"><a class=\"cl-element-title__anchor\" href=\"https:\/\/www.yogayogi.hu\/hu\/noi-kor\/100-onismereti-kerdes-az-uj-evre\/\">100 \u00f6nismereti k\u00e9rd\u00e9s az \u00faj \u00e9vre<\/a><\/h3><div class=\"cl-element cl-element-published_date cl-element--instance-1002 \">december 29, 2025<\/div><\/div><\/div><\/div><div  class=\"cl-layout__item cl-layout__item--id-6441\" ><div  class=\"cl-template cl-template--post cl-template--id-2464 cl-template--image-top\" ><div class=\"cl-element cl-element-featured_media cl-element--instance-1003  cl-element-featured_media--sizing-natural\"><a class=\"cl-element-featured_media__anchor\" href=\"https:\/\/www.yogayogi.hu\/hu\/noi-kor\/szilveszteri-onismereti-kerdesek\/\" title=\"Szilveszteri \u00f6nismereti k\u00e9rd\u00e9sek\"><img decoding=\"async\"  class=\"cl-element-featured_media__image\"  src=\"https:\/\/www.yogayogi.hu\/hu\/wp-content\/uploads\/2025\/12\/szilveszteri-onismereti-kerdesek-300x150.jpg\"  \/><\/a><\/div><div class=\"cl-element cl-element-section cl-element--instance-1004 \"><h3 class=\"cl-element cl-element-title cl-element--instance-1001 \"><a class=\"cl-element-title__anchor\" href=\"https:\/\/www.yogayogi.hu\/hu\/noi-kor\/szilveszteri-onismereti-kerdesek\/\">Szilveszteri \u00f6nismereti k\u00e9rd\u00e9sek<\/a><\/h3><div class=\"cl-element cl-element-published_date cl-element--instance-1002 \">december 15, 2025<\/div><\/div><\/div><\/div><div  class=\"cl-layout__item cl-layout__item--id-5060\" ><div  class=\"cl-template cl-template--post cl-template--id-2464 cl-template--image-top\" ><div class=\"cl-element cl-element-featured_media cl-element--instance-1003  cl-element-featured_media--sizing-natural\"><a class=\"cl-element-featured_media__anchor\" href=\"https:\/\/www.yogayogi.hu\/hu\/noi-kor\/hogyan-viselkedik-egy-igazi-holgy\/\" title=\"Hogyan viselkedik egy igazi h\u00f6lgy?\"><img decoding=\"async\"  class=\"cl-element-featured_media__image\"  src=\"https:\/\/www.yogayogi.hu\/hu\/wp-content\/uploads\/2025\/02\/hogyan-viselkedik-egy-igazi-holgy-300x150.jpg\"  \/><\/a><\/div><div class=\"cl-element cl-element-section cl-element--instance-1004 \"><h3 class=\"cl-element cl-element-title cl-element--instance-1001 \"><a class=\"cl-element-title__anchor\" href=\"https:\/\/www.yogayogi.hu\/hu\/noi-kor\/hogyan-viselkedik-egy-igazi-holgy\/\">Hogyan viselkedik egy igazi h\u00f6lgy?<\/a><\/h3><div class=\"cl-element cl-element-published_date cl-element--instance-1002 \">febru\u00e1r 26, 2025<\/div><\/div><\/div><\/div><\/div><div class=\"cl-pagination\"><\/div><\/div><\/div>\n\t\t\t\t\t\t<\/div>\n\t\t\t\t<\/div>\n\t\t\t\t\t<\/div>\n\t\t<\/div>\n\t\t\t\t\t<\/div>\n\t\t<\/section>\n\t\t\t\t\t<\/div>\n\t\t<\/div>\n\t\t\t\t\t<\/div>\n\t\t<\/section>\n\t\t\t\t<\/div>\n\t\t","protected":false},"excerpt":{"rendered":"","protected":false},"author":6,"featured_media":0,"parent":0,"menu_order":0,"comment_status":"closed","ping_status":"closed","template":"fullwidth.php","meta":{"footnotes":""},"class_list":["post-4269","page","type-page","status-publish","hentry","odd"],"yoast_head":"<!-- This site is optimized with the Yoast SEO plugin v26.2 - https:\/\/yoast.com\/wordpress\/plugins\/seo\/ -->\n<title>N\u0151i k\u00f6r &#8212; YogaYogi Magyarorsz\u00e1g<\/title>\n<meta name=\"description\" content=\"N\u0151i k\u00f6r \u2013 egy megtart\u00f3 t\u00e9r, ahol lelassulhatsz \u00e9s kapcsol\u00f3dhatsz \u00f6nmagaddal. Tudd meg, mire sz\u00e1m\u00edthatsz, \u00e9s kinek val\u00f3 ez az \u00e9lm\u00e9ny.\" \/>\n<meta name=\"robots\" content=\"index, follow, max-snippet:-1, max-image-preview:large, max-video-preview:-1\" \/>\n<link rel=\"canonical\" href=\"https:\/\/www.yogayogi.hu\/hu\/noi-kor\/\" \/>\n<meta property=\"og:locale\" content=\"hu_HU\" \/>\n<meta property=\"og:type\" content=\"article\" \/>\n<meta property=\"og:title\" content=\"N\u0151i k\u00f6r &#8212; YogaYogi Magyarorsz\u00e1g\" \/>\n<meta property=\"og:description\" content=\"N\u0151i k\u00f6r \u2013 egy megtart\u00f3 t\u00e9r, ahol lelassulhatsz \u00e9s kapcsol\u00f3dhatsz \u00f6nmagaddal. Tudd meg, mire sz\u00e1m\u00edthatsz, \u00e9s kinek val\u00f3 ez az \u00e9lm\u00e9ny.\" \/>\n<meta property=\"og:url\" content=\"https:\/\/www.yogayogi.hu\/hu\/noi-kor\/\" \/>\n<meta property=\"og:site_name\" content=\"YogaYogi Magyarorsz\u00e1g\" \/>\n<meta property=\"article:modified_time\" content=\"2026-03-23T09:58:44+00:00\" \/>\n<meta name=\"twitter:card\" content=\"summary_large_image\" \/>\n<meta name=\"twitter:label1\" content=\"Becs\u00fclt olvas\u00e1si id\u0151\" \/>\n\t<meta name=\"twitter:data1\" content=\"1 perc\" \/>\n<script type=\"application\/ld+json\" class=\"yoast-schema-graph\">{\"@context\":\"https:\/\/schema.org\",\"@graph\":[{\"@type\":\"WebPage\",\"@id\":\"https:\/\/www.yogayogi.hu\/hu\/noi-kor\/\",\"url\":\"https:\/\/www.yogayogi.hu\/hu\/noi-kor\/\",\"name\":\"N\u0151i k\u00f6r &#8212; YogaYogi Magyarorsz\u00e1g\",\"isPartOf\":{\"@id\":\"https:\/\/www.yogayogi.hu\/hu\/#website\"},\"datePublished\":\"2024-09-23T16:12:27+00:00\",\"dateModified\":\"2026-03-23T09:58:44+00:00\",\"description\":\"N\u0151i k\u00f6r \u2013 egy megtart\u00f3 t\u00e9r, ahol lelassulhatsz \u00e9s kapcsol\u00f3dhatsz \u00f6nmagaddal. Tudd meg, mire sz\u00e1m\u00edthatsz, \u00e9s kinek val\u00f3 ez az \u00e9lm\u00e9ny.\",\"breadcrumb\":{\"@id\":\"https:\/\/www.yogayogi.hu\/hu\/noi-kor\/#breadcrumb\"},\"inLanguage\":\"hu\",\"potentialAction\":[{\"@type\":\"ReadAction\",\"target\":[\"https:\/\/www.yogayogi.hu\/hu\/noi-kor\/\"]}]},{\"@type\":\"BreadcrumbList\",\"@id\":\"https:\/\/www.yogayogi.hu\/hu\/noi-kor\/#breadcrumb\",\"itemListElement\":[{\"@type\":\"ListItem\",\"position\":1,\"name\":\"Home\",\"item\":\"https:\/\/www.yogayogi.hu\/hu\/\"},{\"@type\":\"ListItem\",\"position\":2,\"name\":\"N\u0151i k\u00f6r\"}]},{\"@type\":\"WebSite\",\"@id\":\"https:\/\/www.yogayogi.hu\/hu\/#website\",\"url\":\"https:\/\/www.yogayogi.hu\/hu\/\",\"name\":\"YogaYogi Magyarorsz\u00e1g\",\"description\":\"Az \u00fatmutat\u00f3d a j\u00f3g\u00e1hoz Magyarorsz\u00e1gon\",\"potentialAction\":[{\"@type\":\"SearchAction\",\"target\":{\"@type\":\"EntryPoint\",\"urlTemplate\":\"https:\/\/www.yogayogi.hu\/hu\/?s={search_term_string}\"},\"query-input\":{\"@type\":\"PropertyValueSpecification\",\"valueRequired\":true,\"valueName\":\"search_term_string\"}}],\"inLanguage\":\"hu\"}]}<\/script>\n<!-- \/ Yoast SEO plugin. -->","yoast_head_json":{"title":"N\u0151i k\u00f6r &#8212; YogaYogi Magyarorsz\u00e1g","description":"N\u0151i k\u00f6r \u2013 egy megtart\u00f3 t\u00e9r, ahol lelassulhatsz \u00e9s kapcsol\u00f3dhatsz \u00f6nmagaddal. Tudd meg, mire sz\u00e1m\u00edthatsz, \u00e9s kinek val\u00f3 ez az \u00e9lm\u00e9ny.","robots":{"index":"index","follow":"follow","max-snippet":"max-snippet:-1","max-image-preview":"max-image-preview:large","max-video-preview":"max-video-preview:-1"},"canonical":"https:\/\/www.yogayogi.hu\/hu\/noi-kor\/","og_locale":"hu_HU","og_type":"article","og_title":"N\u0151i k\u00f6r &#8212; YogaYogi Magyarorsz\u00e1g","og_description":"N\u0151i k\u00f6r \u2013 egy megtart\u00f3 t\u00e9r, ahol lelassulhatsz \u00e9s kapcsol\u00f3dhatsz \u00f6nmagaddal. Tudd meg, mire sz\u00e1m\u00edthatsz, \u00e9s kinek val\u00f3 ez az \u00e9lm\u00e9ny.","og_url":"https:\/\/www.yogayogi.hu\/hu\/noi-kor\/","og_site_name":"YogaYogi Magyarorsz\u00e1g","article_modified_time":"2026-03-23T09:58:44+00:00","twitter_card":"summary_large_image","twitter_misc":{"Becs\u00fclt olvas\u00e1si id\u0151":"1 perc"},"schema":{"@context":"https:\/\/schema.org","@graph":[{"@type":"WebPage","@id":"https:\/\/www.yogayogi.hu\/hu\/noi-kor\/","url":"https:\/\/www.yogayogi.hu\/hu\/noi-kor\/","name":"N\u0151i k\u00f6r &#8212; YogaYogi Magyarorsz\u00e1g","isPartOf":{"@id":"https:\/\/www.yogayogi.hu\/hu\/#website"},"datePublished":"2024-09-23T16:12:27+00:00","dateModified":"2026-03-23T09:58:44+00:00","description":"N\u0151i k\u00f6r \u2013 egy megtart\u00f3 t\u00e9r, ahol lelassulhatsz \u00e9s kapcsol\u00f3dhatsz \u00f6nmagaddal. Tudd meg, mire sz\u00e1m\u00edthatsz, \u00e9s kinek val\u00f3 ez az \u00e9lm\u00e9ny.","breadcrumb":{"@id":"https:\/\/www.yogayogi.hu\/hu\/noi-kor\/#breadcrumb"},"inLanguage":"hu","potentialAction":[{"@type":"ReadAction","target":["https:\/\/www.yogayogi.hu\/hu\/noi-kor\/"]}]},{"@type":"BreadcrumbList","@id":"https:\/\/www.yogayogi.hu\/hu\/noi-kor\/#breadcrumb","itemListElement":[{"@type":"ListItem","position":1,"name":"Home","item":"https:\/\/www.yogayogi.hu\/hu\/"},{"@type":"ListItem","position":2,"name":"N\u0151i k\u00f6r"}]},{"@type":"WebSite","@id":"https:\/\/www.yogayogi.hu\/hu\/#website","url":"https:\/\/www.yogayogi.hu\/hu\/","name":"YogaYogi Magyarorsz\u00e1g","description":"Az \u00fatmutat\u00f3d a j\u00f3g\u00e1hoz Magyarorsz\u00e1gon","potentialAction":[{"@type":"SearchAction","target":{"@type":"EntryPoint","urlTemplate":"https:\/\/www.yogayogi.hu\/hu\/?s={search_term_string}"},"query-input":{"@type":"PropertyValueSpecification","valueRequired":true,"valueName":"search_term_string"}}],"inLanguage":"hu"}]}},"_links":{"self":[{"href":"https:\/\/www.yogayogi.hu\/hu\/wp-json\/wp\/v2\/pages\/4269","targetHints":{"allow":["GET"]}}],"collection":[{"href":"https:\/\/www.yogayogi.hu\/hu\/wp-json\/wp\/v2\/pages"}],"about":[{"href":"https:\/\/www.yogayogi.hu\/hu\/wp-json\/wp\/v2\/types\/page"}],"author":[{"embeddable":true,"href":"https:\/\/www.yogayogi.hu\/hu\/wp-json\/wp\/v2\/users\/6"}],"replies":[{"embeddable":true,"href":"https:\/\/www.yogayogi.hu\/hu\/wp-json\/wp\/v2\/comments?post=4269"}],"version-history":[{"count":15,"href":"https:\/\/www.yogayogi.hu\/hu\/wp-json\/wp\/v2\/pages\/4269\/revisions"}],"predecessor-version":[{"id":6877,"href":"https:\/\/www.yogayogi.hu\/hu\/wp-json\/wp\/v2\/pages\/4269\/revisions\/6877"}],"wp:attachment":[{"href":"https:\/\/www.yogayogi.hu\/hu\/wp-json\/wp\/v2\/media?parent=4269"}],"curies":[{"name":"wp","href":"https:\/\/api.w.org\/{rel}","templated":true}]}}