{"id":5,"date":"2019-01-23T12:26:24","date_gmt":"2019-01-23T12:26:24","guid":{"rendered":"https:\/\/www.yogayogi.hu\/hu\/?page_id=5"},"modified":"2019-05-09T10:32:30","modified_gmt":"2019-05-09T09:32:30","slug":"privacy-policy","status":"publish","type":"page","link":"https:\/\/www.yogayogi.hu\/hu\/privacy-policy\/","title":{"rendered":"YogaYogi Adatv\u00e9delmi Ir\u00e1nyelvek"},"content":{"rendered":"<p><span style=\"font-weight: 400;\">A Yoga Yogi megfelel minden adatv\u00e9delmi \u00e9s adatv\u00e9delmi t\u00f6rv\u00e9nynek \u00e9s szab\u00e1lyoz\u00e1si keretnek.<\/span><\/p>\n<p><span style=\"font-weight: 400;\">Szem\u00e9lyes adatait felhaszn\u00e1lhatjuk szolg\u00e1ltat\u00e1saink fejleszt\u00e9s\u00e9re \u00e9s az ilyen szolg\u00e1ltat\u00e1sok kezel\u00e9s\u00e9re, \u00e9s \u00e1truh\u00e1zhatj\u00e1k ezeket az adatokat abban az esetben, ha a v\u00e1llalkoz\u00e1s b\u00e1rmely r\u00e9sz\u00e9t vagy eg\u00e9sz\u00e9t \u00faj tulajdon\u00e1ba adj\u00e1k. Nem k\u00fcld\u00fcnk, tov\u00e1bb\u00edtunk \u00e9s nem rekl\u00e1mozunk semmilyen marketinganyagot az \u00d6n kifejezett enged\u00e9lye n\u00e9lk\u00fcl.<\/span><\/p>\n<p><span style=\"font-weight: 400;\">Nem osztunk meg olyan adatokat f\u00fcggetlen harmadik felekkel, amelyek szem\u00e9lyesen azonos\u00edthat\u00f3k \u00d6nnel a beleegyez\u00e9se n\u00e9lk\u00fcl, kiv\u00e9ve egy esetleges b\u0171n\u00fcld\u00f6z\u00e9si k\u00e9relem eset\u00e9n.<\/span><\/p>\n<p><span style=\"font-weight: 400;\">Minden sz\u00fcks\u00e9ges l\u00e9p\u00e9st megtesz\u00fcnk annak \u00e9rdek\u00e9ben, hogy az \u00d6n adatainak v\u00e9delm\u00e9t az Adatv\u00e9delmi Jogszab\u00e1lyokkal \u00f6sszhangban meg\u0151rizz\u00fck \u00e9s minden ilyen inform\u00e1ci\u00f3t megtartunk mindaddig, am\u00edg a szolg\u00e1ltat\u00e1saink, rendszereink vagy \u00fczlet\u00fcnk hat\u00e9kony kezel\u00e9s\u00e9hez sz\u00fcks\u00e9ges.<\/span><\/p>\n<p><span style=\"font-weight: 400;\">Megk\u00f6nny\u00edtj\u00fck a hozz\u00e1f\u00e9r\u00e9st felhaszn\u00e1l\u00f3ink sz\u00e1m\u00e1ra, az adatok m\u00f3dos\u00edt\u00e1s\u00e1hoz, kieg\u00e9sz\u00edt\u00e9s\u00e9hez vagy friss\u00edt\u00e9s\u00e9hez, amint azt jogilag megk\u00f6veteli a webhely\u00fcnk el\u00e9r\u00e9s\u00e9hez.<\/span><\/p>\n<p><span style=\"font-weight: 400;\">Szolg\u00e1ltat\u00e1saink haszn\u00e1lat\u00e1val kapcsolatos adatokat gy\u0171jthet\u00fcnk, hogy jav\u00edtsuk azokat, fi\u00f3kj\u00e1t \u00fagy fogjuk kezelni, hogy esetlegesen tov\u00e1bbi szolg\u00e1ltat\u00e1sokat vagy aj\u00e1nlatokat ny\u00fajthassunk \u00d6nnek, hogy v\u00e1laszolhassunk visszajelz\u00e9s\u00e9re vagy megjegyz\u00e9s\u00e9re, valamint h\u00edrleveleket, prom\u00f3ci\u00f3kat vagy m\u00e1s kapcsol\u00f3d\u00f3 inform\u00e1ci\u00f3kat k\u00fcldj\u00fcnk, amikr\u0151l \u00fagy gondoljuk, megfelel\u0151ek.<\/span><\/p>\n<p><span style=\"font-weight: 400;\">Fenntartjuk magunknak a jogot, de nem k\u00f6telez\u00fcnk arra, hogy korl\u00e1tozzuk az \u00f6sszes vagy b\u00e1rmely rendelkez\u00e9sre \u00e1ll\u00f3 eszk\u00f6zt b\u00e1rmely olyan szem\u00e9lyn\u00e9l, akin\u00e9l az k\u00f6z\u00f6ss\u00e9gi szab\u00e1lyok megs\u00e9rt\u00e9s\u00e9t v\u00e9lj\u00fck felfedezni. <\/span><\/p>\n<p><span style=\"font-weight: 400;\">Minden sz\u00fcks\u00e9ges technikai \u00f3vint\u00e9zked\u00e9st megtesz\u00fcnk annak \u00e9rdek\u00e9ben, hogy biztos\u00edtsuk az \u00d6n adatainak biztons\u00e1g\u00e1t, \u00e9s biztos\u00edtjuk, hogy az ilyen adatokat \u00e9s inform\u00e1ci\u00f3kat ne haszn\u00e1lj\u00e1k fel, ne vesszenek el, vagy hozz\u00e1f\u00e9rjenek illet\u00e9ktelenek, b\u00e1r az \u00e1tadott inform\u00e1ci\u00f3n\u00e1l a t\u00f6rv\u00e9nytelen hozz\u00e1f\u00e9r\u00e9st nem lehet teljesen megakad\u00e1lyozni. <\/span><\/p>\n<p><span style=\"font-weight: 400;\">M\u00f3dos\u00edthatjuk, kieg\u00e9sz\u00edthetj\u00fck, friss\u00edthetj\u00fck vagy kicser\u00e9lhetj\u00fck Adatv\u00e9delmi ir\u00e1nyelveinket, de minden sz\u00fcks\u00e9ges l\u00e9p\u00e9st megtesz\u00fcnk, hogy t\u00e1j\u00e9koztassuk \u00d6nt az ilyen v\u00e1ltoz\u00e1sokr\u00f3l, \u00e9s megszerezz\u00fck enged\u00e9ly\u00e9t \u00e9s beleegyez\u00e9s\u00e9t arra, hogy a webhely\u00fcnket az \u00faj felt\u00e9telek mellett el lehessen el\u00e9rni.<\/span><\/p>\n<p><span style=\"font-weight: 400;\">Az \u00d6n inform\u00e1ci\u00f3inak nyomon k\u00f6vet\u00e9s\u00e9vel kapcsolatos inform\u00e1ci\u00f3k\u00e9rt olvassa el a cookie-kra vonatkoz\u00f3 ir\u00e1nyelveinket.<\/span><\/p>\n","protected":false},"excerpt":{"rendered":"","protected":false},"author":1,"featured_media":0,"parent":0,"menu_order":0,"comment_status":"closed","ping_status":"closed","template":"","meta":{"footnotes":""},"class_list":["post-5","page","type-page","status-publish","hentry","odd"],"yoast_head":"<!-- This site is optimized with the Yoast SEO plugin v26.2 - https:\/\/yoast.com\/wordpress\/plugins\/seo\/ -->\n<title>YogaYogi Adatv\u00e9delmi Ir\u00e1nyelvek &#8212; YogaYogi Magyarorsz\u00e1g<\/title>\n<meta name=\"robots\" content=\"index, follow, max-snippet:-1, max-image-preview:large, max-video-preview:-1\" \/>\n<link rel=\"canonical\" href=\"https:\/\/www.yogayogi.hu\/hu\/privacy-policy\/\" \/>\n<meta property=\"og:locale\" content=\"hu_HU\" \/>\n<meta property=\"og:type\" content=\"article\" \/>\n<meta property=\"og:title\" content=\"YogaYogi Adatv\u00e9delmi Ir\u00e1nyelvek &#8212; YogaYogi Magyarorsz\u00e1g\" \/>\n<meta property=\"og:url\" content=\"https:\/\/www.yogayogi.hu\/hu\/privacy-policy\/\" \/>\n<meta property=\"og:site_name\" content=\"YogaYogi Magyarorsz\u00e1g\" \/>\n<meta property=\"article:modified_time\" content=\"2019-05-09T09:32:30+00:00\" \/>\n<meta name=\"twitter:card\" content=\"summary_large_image\" \/>\n<meta name=\"twitter:label1\" content=\"Becs\u00fclt olvas\u00e1si id\u0151\" \/>\n\t<meta name=\"twitter:data1\" content=\"2 perc\" \/>\n<script type=\"application\/ld+json\" class=\"yoast-schema-graph\">{\"@context\":\"https:\/\/schema.org\",\"@graph\":[{\"@type\":\"WebPage\",\"@id\":\"https:\/\/www.yogayogi.hu\/hu\/privacy-policy\/\",\"url\":\"https:\/\/www.yogayogi.hu\/hu\/privacy-policy\/\",\"name\":\"YogaYogi Adatv\u00e9delmi Ir\u00e1nyelvek &#8212; YogaYogi Magyarorsz\u00e1g\",\"isPartOf\":{\"@id\":\"https:\/\/www.yogayogi.hu\/hu\/#website\"},\"datePublished\":\"2019-01-23T12:26:24+00:00\",\"dateModified\":\"2019-05-09T09:32:30+00:00\",\"breadcrumb\":{\"@id\":\"https:\/\/www.yogayogi.hu\/hu\/privacy-policy\/#breadcrumb\"},\"inLanguage\":\"hu\",\"potentialAction\":[{\"@type\":\"ReadAction\",\"target\":[\"https:\/\/www.yogayogi.hu\/hu\/privacy-policy\/\"]}]},{\"@type\":\"BreadcrumbList\",\"@id\":\"https:\/\/www.yogayogi.hu\/hu\/privacy-policy\/#breadcrumb\",\"itemListElement\":[{\"@type\":\"ListItem\",\"position\":1,\"name\":\"Home\",\"item\":\"https:\/\/www.yogayogi.hu\/hu\/\"},{\"@type\":\"ListItem\",\"position\":2,\"name\":\"YogaYogi Adatv\u00e9delmi Ir\u00e1nyelvek\"}]},{\"@type\":\"WebSite\",\"@id\":\"https:\/\/www.yogayogi.hu\/hu\/#website\",\"url\":\"https:\/\/www.yogayogi.hu\/hu\/\",\"name\":\"YogaYogi Magyarorsz\u00e1g\",\"description\":\"Az \u00fatmutat\u00f3d a j\u00f3g\u00e1hoz Magyarorsz\u00e1gon\",\"potentialAction\":[{\"@type\":\"SearchAction\",\"target\":{\"@type\":\"EntryPoint\",\"urlTemplate\":\"https:\/\/www.yogayogi.hu\/hu\/?s={search_term_string}\"},\"query-input\":{\"@type\":\"PropertyValueSpecification\",\"valueRequired\":true,\"valueName\":\"search_term_string\"}}],\"inLanguage\":\"hu\"}]}<\/script>\n<!-- \/ Yoast SEO plugin. -->","yoast_head_json":{"title":"YogaYogi Adatv\u00e9delmi Ir\u00e1nyelvek &#8212; YogaYogi Magyarorsz\u00e1g","robots":{"index":"index","follow":"follow","max-snippet":"max-snippet:-1","max-image-preview":"max-image-preview:large","max-video-preview":"max-video-preview:-1"},"canonical":"https:\/\/www.yogayogi.hu\/hu\/privacy-policy\/","og_locale":"hu_HU","og_type":"article","og_title":"YogaYogi Adatv\u00e9delmi Ir\u00e1nyelvek &#8212; YogaYogi Magyarorsz\u00e1g","og_url":"https:\/\/www.yogayogi.hu\/hu\/privacy-policy\/","og_site_name":"YogaYogi Magyarorsz\u00e1g","article_modified_time":"2019-05-09T09:32:30+00:00","twitter_card":"summary_large_image","twitter_misc":{"Becs\u00fclt olvas\u00e1si id\u0151":"2 perc"},"schema":{"@context":"https:\/\/schema.org","@graph":[{"@type":"WebPage","@id":"https:\/\/www.yogayogi.hu\/hu\/privacy-policy\/","url":"https:\/\/www.yogayogi.hu\/hu\/privacy-policy\/","name":"YogaYogi Adatv\u00e9delmi Ir\u00e1nyelvek &#8212; YogaYogi Magyarorsz\u00e1g","isPartOf":{"@id":"https:\/\/www.yogayogi.hu\/hu\/#website"},"datePublished":"2019-01-23T12:26:24+00:00","dateModified":"2019-05-09T09:32:30+00:00","breadcrumb":{"@id":"https:\/\/www.yogayogi.hu\/hu\/privacy-policy\/#breadcrumb"},"inLanguage":"hu","potentialAction":[{"@type":"ReadAction","target":["https:\/\/www.yogayogi.hu\/hu\/privacy-policy\/"]}]},{"@type":"BreadcrumbList","@id":"https:\/\/www.yogayogi.hu\/hu\/privacy-policy\/#breadcrumb","itemListElement":[{"@type":"ListItem","position":1,"name":"Home","item":"https:\/\/www.yogayogi.hu\/hu\/"},{"@type":"ListItem","position":2,"name":"YogaYogi Adatv\u00e9delmi Ir\u00e1nyelvek"}]},{"@type":"WebSite","@id":"https:\/\/www.yogayogi.hu\/hu\/#website","url":"https:\/\/www.yogayogi.hu\/hu\/","name":"YogaYogi Magyarorsz\u00e1g","description":"Az \u00fatmutat\u00f3d a j\u00f3g\u00e1hoz Magyarorsz\u00e1gon","potentialAction":[{"@type":"SearchAction","target":{"@type":"EntryPoint","urlTemplate":"https:\/\/www.yogayogi.hu\/hu\/?s={search_term_string}"},"query-input":{"@type":"PropertyValueSpecification","valueRequired":true,"valueName":"search_term_string"}}],"inLanguage":"hu"}]}},"_links":{"self":[{"href":"https:\/\/www.yogayogi.hu\/hu\/wp-json\/wp\/v2\/pages\/5","targetHints":{"allow":["GET"]}}],"collection":[{"href":"https:\/\/www.yogayogi.hu\/hu\/wp-json\/wp\/v2\/pages"}],"about":[{"href":"https:\/\/www.yogayogi.hu\/hu\/wp-json\/wp\/v2\/types\/page"}],"author":[{"embeddable":true,"href":"https:\/\/www.yogayogi.hu\/hu\/wp-json\/wp\/v2\/users\/1"}],"replies":[{"embeddable":true,"href":"https:\/\/www.yogayogi.hu\/hu\/wp-json\/wp\/v2\/comments?post=5"}],"version-history":[{"count":0,"href":"https:\/\/www.yogayogi.hu\/hu\/wp-json\/wp\/v2\/pages\/5\/revisions"}],"wp:attachment":[{"href":"https:\/\/www.yogayogi.hu\/hu\/wp-json\/wp\/v2\/media?parent=5"}],"curies":[{"name":"wp","href":"https:\/\/api.w.org\/{rel}","templated":true}]}}