{"id":5775,"date":"2025-08-11T20:02:07","date_gmt":"2025-08-11T19:02:07","guid":{"rendered":"https:\/\/www.yogayogi.hu\/hu\/?page_id=5775"},"modified":"2025-10-22T07:32:55","modified_gmt":"2025-10-22T06:32:55","slug":"pilates","status":"publish","type":"page","link":"https:\/\/www.yogayogi.hu\/hu\/pilates\/","title":{"rendered":"Pilates"},"content":{"rendered":"\t\t<div data-elementor-type=\"wp-page\" data-elementor-id=\"5775\" class=\"elementor elementor-5775\">\n\t\t\t\t\t\t<section class=\"elementor-section elementor-top-section elementor-element elementor-element-2b4262d elementor-section-boxed elementor-section-height-default elementor-section-height-default\" data-id=\"2b4262d\" data-element_type=\"section\">\n\t\t\t\t\t\t<div class=\"elementor-container elementor-column-gap-default\">\n\t\t\t\t\t<div class=\"elementor-column elementor-col-100 elementor-top-column elementor-element elementor-element-537417c\" data-id=\"537417c\" data-element_type=\"column\">\n\t\t\t<div class=\"elementor-widget-wrap elementor-element-populated\">\n\t\t\t\t\t\t<div class=\"elementor-element elementor-element-1922272 elementor-widget elementor-widget-heading\" data-id=\"1922272\" data-element_type=\"widget\" data-widget_type=\"heading.default\">\n\t\t\t\t<div class=\"elementor-widget-container\">\n\t\t\t\t\t<h2 class=\"elementor-heading-title elementor-size-default\">Pilates<\/h2>\t\t\t\t<\/div>\n\t\t\t\t<\/div>\n\t\t\t\t\t<\/div>\n\t\t<\/div>\n\t\t\t\t\t<\/div>\n\t\t<\/section>\n\t\t\t\t<section class=\"elementor-section elementor-top-section elementor-element elementor-element-4f71c91 elementor-section-boxed elementor-section-height-default elementor-section-height-default\" data-id=\"4f71c91\" data-element_type=\"section\">\n\t\t\t\t\t\t<div class=\"elementor-container elementor-column-gap-default\">\n\t\t\t\t\t<div class=\"elementor-column elementor-col-100 elementor-top-column elementor-element elementor-element-a76e001\" data-id=\"a76e001\" data-element_type=\"column\">\n\t\t\t<div class=\"elementor-widget-wrap elementor-element-populated\">\n\t\t\t\t\t\t<div class=\"elementor-element elementor-element-18e4730 elementor-widget elementor-widget-text-editor\" data-id=\"18e4730\" data-element_type=\"widget\" data-widget_type=\"text-editor.default\">\n\t\t\t\t<div class=\"elementor-widget-container\">\n\t\t\t\t\t\t\t\t\t<p><span style=\"letter-spacing: 0.4px;\">A Pilates a j\u00f3g\u00e1val egy\u00fctt hatalmas trendd\u00e9 v\u00e1lt Magyarorsz\u00e1gon. A YogaYogi-n\u00e1l c\u00e9lunk, hogy min\u00e9l t\u00f6bb olvas\u00f3nkat ismertess\u00fck meg a Pilates el\u0151nyeivel \u00e9s arr\u00f3l, hogyan integr\u00e1lhat\u00f3 az eg\u00e9szs\u00e9ges \u00e9letm\u00f3dba.<\/span><\/p>\t\t\t\t\t\t\t\t<\/div>\n\t\t\t\t<\/div>\n\t\t\t\t\t<\/div>\n\t\t<\/div>\n\t\t\t\t\t<\/div>\n\t\t<\/section>\n\t\t\t\t<section class=\"elementor-section elementor-top-section elementor-element elementor-element-bdcef65 elementor-section-boxed elementor-section-height-default elementor-section-height-default\" data-id=\"bdcef65\" data-element_type=\"section\">\n\t\t\t\t\t\t<div class=\"elementor-container elementor-column-gap-default\">\n\t\t\t\t\t<div class=\"elementor-column elementor-col-50 elementor-top-column elementor-element elementor-element-fa67ceb\" data-id=\"fa67ceb\" data-element_type=\"column\">\n\t\t\t<div class=\"elementor-widget-wrap elementor-element-populated\">\n\t\t\t\t\t\t<div class=\"elementor-element elementor-element-8a660e4 elementor-widget elementor-widget-shortcode\" data-id=\"8a660e4\" data-element_type=\"widget\" data-widget_type=\"shortcode.default\">\n\t\t\t\t<div class=\"elementor-widget-container\">\n\t\t\t\t\t\t\t<div class=\"elementor-shortcode\"><form data-sf-form-id='5780' data-is-rtl='0' data-maintain-state='' data-results-url='https:\/\/www.yogayogi.hu\/hu\/pilates\/' data-ajax-url='https:\/\/www.yogayogi.hu\/hu\/pilates\/?sf_data=all' data-ajax-form-url='https:\/\/www.yogayogi.hu\/hu\/?sfid=5780&amp;sf_action=get_data&amp;sf_data=form' data-display-result-method='custom_layouts' data-use-history-api='1' data-template-loaded='0' data-lang-code='hu' data-ajax='1' data-ajax-data-type='html' data-ajax-links-selector='.cl-pagination a' data-ajax-target='.search-filter-results-5780' data-ajax-pagination-type='normal' data-update-ajax-url='0' data-only-results-ajax='1' data-scroll-to-pos='0' data-init-paged='1' data-auto-update='1' data-auto-count='1' data-auto-count-refresh-mode='1' action='https:\/\/www.yogayogi.hu\/hu\/pilates\/' method='post' class='searchandfilter' id='search-filter-form-5780' autocomplete='off' data-instance-count='1'><ul><li class=\"sf-field-category\" data-sf-field-name=\"_sft_category\" data-sf-field-type=\"category\" data-sf-field-input-type=\"checkbox\">\t\t<ul data-operator=\"or\" class=\"\">\r\n\t\t\t\r\n\t\t\t<li class=\"sf-level-0 sf-item-681\" data-sf-count=\"2\" data-sf-depth=\"0\"><input  class=\"sf-input-checkbox\" type=\"checkbox\" value=\"joga\" name=\"_sft_category[]\" id=\"sf-input-62024d0a7f81246c2a17529d6b81b4d1\"><label class=\"sf-label-checkbox\" for=\"sf-input-62024d0a7f81246c2a17529d6b81b4d1\">j\u00f3ga<span class=\"sf-count\">(2)<\/span><\/label><\/li><li class=\"sf-level-0 sf-item-1276\" data-sf-count=\"3\" data-sf-depth=\"0\"><input  class=\"sf-input-checkbox\" type=\"checkbox\" value=\"pilates\" name=\"_sft_category[]\" id=\"sf-input-222ef54b228c389ffe20a91f61875c6e\"><label class=\"sf-label-checkbox\" for=\"sf-input-222ef54b228c389ffe20a91f61875c6e\">Pilates<span class=\"sf-count\">(3)<\/span><\/label><\/li><li class=\"sf-level-0 sf-item-383\" data-sf-count=\"3\" data-sf-depth=\"0\"><input  class=\"sf-input-checkbox\" type=\"checkbox\" value=\"tudatos-eletmod\" name=\"_sft_category[]\" id=\"sf-input-8a8c83fdbb3c78005cbd84bcba0f446a\"><label class=\"sf-label-checkbox\" for=\"sf-input-8a8c83fdbb3c78005cbd84bcba0f446a\">Tudatos \u00e9letm\u00f3d<span class=\"sf-count\">(3)<\/span><\/label><\/li><li class=\"sf-level-0 sf-item-1\" data-sf-count=\"1\" data-sf-depth=\"0\"><input  class=\"sf-input-checkbox\" type=\"checkbox\" value=\"uncategorized\" name=\"_sft_category[]\" id=\"sf-input-6bf6687cb308496c7513bdd792a07b61\"><label class=\"sf-label-checkbox\" for=\"sf-input-6bf6687cb308496c7513bdd792a07b61\">Uncategorized<span class=\"sf-count\">(1)<\/span><\/label><\/li>\t\t<\/ul>\r\n\t\t<\/li><\/ul><\/form><\/div>\n\t\t\t\t\t\t<\/div>\n\t\t\t\t<\/div>\n\t\t\t\t\t<\/div>\n\t\t<\/div>\n\t\t\t\t<div class=\"elementor-column elementor-col-50 elementor-top-column elementor-element elementor-element-f5c9c56\" data-id=\"f5c9c56\" data-element_type=\"column\">\n\t\t\t<div class=\"elementor-widget-wrap elementor-element-populated\">\n\t\t\t\t\t\t<div class=\"elementor-element elementor-element-d0626ab elementor-widget elementor-widget-shortcode\" data-id=\"d0626ab\" data-element_type=\"widget\" data-widget_type=\"shortcode.default\">\n\t\t\t\t<div class=\"elementor-widget-container\">\n\t\t\t\t\t\t\t<div class=\"elementor-shortcode\"><div class=\"cl-layout-container  search-filter-results-5780\" style=\"--cl-layout-padding:0px;--cl-layout-margin:2px;\"><div  class=\"cl-layout cl-layout--grid cl-layout--id-6001  cl-layout--equal-rows cl-layout--fill-last-row  cl-layout--col-l-3 cl-layout--col-m-3 cl-layout--col-s-2 cl-layout--col-xs-1\"  style=\"--cl-layout-gap-c: 4px;--cl-layout-gap-r: 4px;\n\t\t\" ><div  class=\"cl-layout__item cl-layout__item--id-6360\" ><div  class=\"cl-template cl-template--post cl-template--id-2464 cl-template--image-top\" ><div class=\"cl-element cl-element-featured_media cl-element--instance-1003  cl-element-featured_media--sizing-natural\"><a class=\"cl-element-featured_media__anchor\" href=\"https:\/\/www.yogayogi.hu\/hu\/pilates\/vallerosito-pilates-gyakorlatok\/\" title=\"V\u00e1ller\u0151s\u00edt\u0151 pilates gyakorlatok\"><img decoding=\"async\"  class=\"cl-element-featured_media__image\"  src=\"https:\/\/www.yogayogi.hu\/hu\/wp-content\/uploads\/2025\/11\/vallerosito-pilates-gyakorlatok-300x150.jpg\"  \/><\/a><\/div><div class=\"cl-element cl-element-section cl-element--instance-1004 \"><h3 class=\"cl-element cl-element-title cl-element--instance-1001 \"><a class=\"cl-element-title__anchor\" href=\"https:\/\/www.yogayogi.hu\/hu\/pilates\/vallerosito-pilates-gyakorlatok\/\">V\u00e1ller\u0151s\u00edt\u0151 pilates gyakorlatok<\/a><\/h3><div class=\"cl-element cl-element-published_date cl-element--instance-1002 \">november 28, 2025<\/div><\/div><\/div><\/div><div  class=\"cl-layout__item cl-layout__item--id-6263\" ><div  class=\"cl-template cl-template--post cl-template--id-2464 cl-template--image-top\" ><div class=\"cl-element cl-element-featured_media cl-element--instance-1003  cl-element-featured_media--sizing-natural\"><a class=\"cl-element-featured_media__anchor\" href=\"https:\/\/www.yogayogi.hu\/hu\/pilates\/haterosito-pilates-gyakorlatok\/\" title=\"H\u00e1ter\u0151s\u00edt\u0151 pilates gyakorlatok\"><img decoding=\"async\"  class=\"cl-element-featured_media__image\"  src=\"https:\/\/www.yogayogi.hu\/hu\/wp-content\/uploads\/2025\/11\/haterosito-pilates-gyakorlatok-300x150.jpg\"  \/><\/a><\/div><div class=\"cl-element cl-element-section cl-element--instance-1004 \"><h3 class=\"cl-element cl-element-title cl-element--instance-1001 \"><a class=\"cl-element-title__anchor\" href=\"https:\/\/www.yogayogi.hu\/hu\/pilates\/haterosito-pilates-gyakorlatok\/\">H\u00e1ter\u0151s\u00edt\u0151 pilates gyakorlatok<\/a><\/h3><div class=\"cl-element cl-element-published_date cl-element--instance-1002 \">november 5, 2025<\/div><\/div><\/div><\/div><div  class=\"cl-layout__item cl-layout__item--id-6246\" ><div  class=\"cl-template cl-template--post cl-template--id-2464 cl-template--image-top\" ><div class=\"cl-element cl-element-featured_media cl-element--instance-1003  cl-element-featured_media--sizing-natural\"><a class=\"cl-element-featured_media__anchor\" href=\"https:\/\/www.yogayogi.hu\/hu\/pilates\/pilates-gyerekeknek-testtartas-javito-gyakorlatok\/\" title=\"Pilates gyerekeknek: Testtart\u00e1s jav\u00edt\u00f3 gyakorlatok\"><img decoding=\"async\"  class=\"cl-element-featured_media__image\"  src=\"https:\/\/www.yogayogi.hu\/hu\/wp-content\/uploads\/2025\/11\/pilates-gyerekeknek-300x150.jpg\"  \/><\/a><\/div><div class=\"cl-element cl-element-section cl-element--instance-1004 \"><h3 class=\"cl-element cl-element-title cl-element--instance-1001 \"><a class=\"cl-element-title__anchor\" href=\"https:\/\/www.yogayogi.hu\/hu\/pilates\/pilates-gyerekeknek-testtartas-javito-gyakorlatok\/\">Pilates gyerekeknek: Testtart\u00e1s jav\u00edt\u00f3 gyakorlatok<\/a><\/h3><div class=\"cl-element cl-element-published_date cl-element--instance-1002 \">november 3, 2025<\/div><\/div><\/div><\/div><div  class=\"cl-layout__item cl-layout__item--id-6043\" ><div  class=\"cl-template cl-template--post cl-template--id-2464 cl-template--image-top\" ><div class=\"cl-element cl-element-featured_media cl-element--instance-1003  cl-element-featured_media--sizing-natural\"><a class=\"cl-element-featured_media__anchor\" href=\"https:\/\/www.yogayogi.hu\/hu\/pilates\/testtartas-javito-gyakorlatok-pilates\/\" title=\"Testtart\u00e1s jav\u00edt\u00f3 gyakorlatok &#8211; Pilates\"><img decoding=\"async\"  class=\"cl-element-featured_media__image\"  src=\"https:\/\/www.yogayogi.hu\/hu\/wp-content\/uploads\/2025\/09\/testtartas-javito-gyakorlatok-300x150.jpg\"  \/><\/a><\/div><div class=\"cl-element cl-element-section cl-element--instance-1004 \"><h3 class=\"cl-element cl-element-title cl-element--instance-1001 \"><a class=\"cl-element-title__anchor\" href=\"https:\/\/www.yogayogi.hu\/hu\/pilates\/testtartas-javito-gyakorlatok-pilates\/\">Testtart\u00e1s jav\u00edt\u00f3 gyakorlatok &#8211; Pilates<\/a><\/h3><div class=\"cl-element cl-element-published_date cl-element--instance-1002 \">szeptember 26, 2025<\/div><\/div><\/div><\/div><div  class=\"cl-layout__item cl-layout__item--id-6044\" ><div  class=\"cl-template cl-template--post cl-template--id-2464 cl-template--image-top\" ><div class=\"cl-element cl-element-featured_media cl-element--instance-1003  cl-element-featured_media--sizing-natural\"><a class=\"cl-element-featured_media__anchor\" href=\"https:\/\/www.yogayogi.hu\/hu\/pilates\/pilates-eszkozok-a-gyakorlas-fejlesztesehez\/\" title=\"Pilates eszk\u00f6z\u00f6k a gyakorl\u00e1s fejleszt\u00e9s\u00e9hez\"><img decoding=\"async\"  class=\"cl-element-featured_media__image\"  src=\"https:\/\/www.yogayogi.hu\/hu\/wp-content\/uploads\/2025\/09\/pilates-eszkozok-300x150.jpg\"  \/><\/a><\/div><div class=\"cl-element cl-element-section cl-element--instance-1004 \"><h3 class=\"cl-element cl-element-title cl-element--instance-1001 \"><a class=\"cl-element-title__anchor\" href=\"https:\/\/www.yogayogi.hu\/hu\/pilates\/pilates-eszkozok-a-gyakorlas-fejlesztesehez\/\">Pilates eszk\u00f6z\u00f6k a gyakorl\u00e1s fejleszt\u00e9s\u00e9hez<\/a><\/h3><div class=\"cl-element cl-element-published_date cl-element--instance-1002 \">szeptember 26, 2025<\/div><\/div><\/div><\/div><div  class=\"cl-layout__item cl-layout__item--id-5800\" ><div  class=\"cl-template cl-template--post cl-template--id-2464 cl-template--image-top\" ><div class=\"cl-element cl-element-featured_media cl-element--instance-1003  cl-element-featured_media--sizing-natural\"><a class=\"cl-element-featured_media__anchor\" href=\"https:\/\/www.yogayogi.hu\/hu\/pilates\/kismama-pilates-atfogo-utmutato\/\" title=\"Kismama pilates: \u00c1tfog\u00f3 \u00fatmutat\u00f3\"><img decoding=\"async\"  class=\"cl-element-featured_media__image\"  src=\"https:\/\/www.yogayogi.hu\/hu\/wp-content\/uploads\/2025\/08\/kismama-pilates-300x150.jpg\"  \/><\/a><\/div><div class=\"cl-element cl-element-section cl-element--instance-1004 \"><h3 class=\"cl-element cl-element-title cl-element--instance-1001 \"><a class=\"cl-element-title__anchor\" href=\"https:\/\/www.yogayogi.hu\/hu\/pilates\/kismama-pilates-atfogo-utmutato\/\">Kismama pilates: \u00c1tfog\u00f3 \u00fatmutat\u00f3<\/a><\/h3><div class=\"cl-element cl-element-published_date cl-element--instance-1002 \">augusztus 21, 2025<\/div><\/div><\/div><\/div><div  class=\"cl-layout__item cl-layout__item--id-5804\" ><div  class=\"cl-template cl-template--post cl-template--id-2464 cl-template--image-top\" ><div class=\"cl-element cl-element-featured_media cl-element--instance-1003  cl-element-featured_media--sizing-natural\"><a class=\"cl-element-featured_media__anchor\" href=\"https:\/\/www.yogayogi.hu\/hu\/pilates\/fogyas-pilates-el-lehetseges-vagy-nem\/\" title=\"Fogy\u00e1s Pilates-el: Lehets\u00e9ges vagy nem?\"><img decoding=\"async\"  class=\"cl-element-featured_media__image\"  src=\"https:\/\/www.yogayogi.hu\/hu\/wp-content\/uploads\/2025\/08\/fogyas-pilates-el-300x150.jpg\"  \/><\/a><\/div><div class=\"cl-element cl-element-section cl-element--instance-1004 \"><h3 class=\"cl-element cl-element-title cl-element--instance-1001 \"><a class=\"cl-element-title__anchor\" href=\"https:\/\/www.yogayogi.hu\/hu\/pilates\/fogyas-pilates-el-lehetseges-vagy-nem\/\">Fogy\u00e1s Pilates-el: Lehets\u00e9ges vagy nem?<\/a><\/h3><div class=\"cl-element cl-element-published_date cl-element--instance-1002 \">augusztus 19, 2025<\/div><\/div><\/div><\/div><div  class=\"cl-layout__item cl-layout__item--id-5795\" ><div  class=\"cl-template cl-template--post cl-template--id-2464 cl-template--image-top\" ><div class=\"cl-element cl-element-featured_media cl-element--instance-1003  cl-element-featured_media--sizing-natural\"><a class=\"cl-element-featured_media__anchor\" href=\"https:\/\/www.yogayogi.hu\/hu\/pilates\/pilates-kezdoknek-elso-lepesek\/\" title=\"Pilates kezd\u0151knek: Els\u0151 l\u00e9p\u00e9sek\"><img decoding=\"async\"  class=\"cl-element-featured_media__image\"  src=\"https:\/\/www.yogayogi.hu\/hu\/wp-content\/uploads\/2025\/08\/pilates-kezdoknek-300x150.jpg\"  \/><\/a><\/div><div class=\"cl-element cl-element-section cl-element--instance-1004 \"><h3 class=\"cl-element cl-element-title cl-element--instance-1001 \"><a class=\"cl-element-title__anchor\" href=\"https:\/\/www.yogayogi.hu\/hu\/pilates\/pilates-kezdoknek-elso-lepesek\/\">Pilates kezd\u0151knek: Els\u0151 l\u00e9p\u00e9sek<\/a><\/h3><div class=\"cl-element cl-element-published_date cl-element--instance-1002 \">augusztus 14, 2025<\/div><\/div><\/div><\/div><div  class=\"cl-layout__item cl-layout__item--id-5786\" ><div  class=\"cl-template cl-template--post cl-template--id-2464 cl-template--image-top\" ><div class=\"cl-element cl-element-featured_media cl-element--instance-1003  cl-element-featured_media--sizing-natural\"><a class=\"cl-element-featured_media__anchor\" href=\"https:\/\/www.yogayogi.hu\/hu\/pilates\/a-pilates-elonyei\/\" title=\"A Pilates el\u0151nyei\"><img decoding=\"async\"  class=\"cl-element-featured_media__image\"  src=\"https:\/\/www.yogayogi.hu\/hu\/wp-content\/uploads\/2025\/08\/a-pilates-elonyei-300x150.jpg\"  \/><\/a><\/div><div class=\"cl-element cl-element-section cl-element--instance-1004 \"><h3 class=\"cl-element cl-element-title cl-element--instance-1001 \"><a class=\"cl-element-title__anchor\" href=\"https:\/\/www.yogayogi.hu\/hu\/pilates\/a-pilates-elonyei\/\">A Pilates el\u0151nyei<\/a><\/h3><div class=\"cl-element cl-element-published_date cl-element--instance-1002 \">augusztus 13, 2025<\/div><\/div><\/div><\/div><\/div><div class=\"cl-pagination\"><span aria-current=\"page\" class=\"page-numbers current\">1<\/span>\n<a class=\"page-numbers\" href=\"https:\/\/www.yogayogi.hu\/hu\/pilates\/?sf_paged=2\">2<\/a>\n<a class=\"next page-numbers\" href=\"https:\/\/www.yogayogi.hu\/hu\/pilates\/?sf_paged=2\">K\u00f6vetkez\u0151 &raquo;<\/a><\/div><\/div><\/div>\n\t\t\t\t\t\t<\/div>\n\t\t\t\t<\/div>\n\t\t\t\t\t<\/div>\n\t\t<\/div>\n\t\t\t\t\t<\/div>\n\t\t<\/section>\n\t\t\t\t<\/div>\n\t\t","protected":false},"excerpt":{"rendered":"","protected":false},"author":6,"featured_media":0,"parent":0,"menu_order":0,"comment_status":"closed","ping_status":"closed","template":"elementor_header_footer","meta":{"footnotes":""},"class_list":["post-5775","page","type-page","status-publish","hentry","odd"],"yoast_head":"<!-- This site is optimized with the Yoast SEO plugin v26.2 - https:\/\/yoast.com\/wordpress\/plugins\/seo\/ -->\n<title>Pilates &#8212; YogaYogi Magyarorsz\u00e1g<\/title>\n<meta name=\"description\" content=\"A Pilates a j\u00f3g\u00e1val egy\u00fctt hatalmas trendd\u00e9 v\u00e1lt Magyarorsz\u00e1gon. C\u00e9lunk, hogy min\u00e9l t\u00f6bb olvas\u00f3nkat ismertess\u00fck meg a Pilates el\u0151nyeivel.\" \/>\n<meta name=\"robots\" content=\"index, follow, max-snippet:-1, max-image-preview:large, max-video-preview:-1\" \/>\n<link rel=\"canonical\" href=\"https:\/\/www.yogayogi.hu\/hu\/pilates\/\" \/>\n<meta property=\"og:locale\" content=\"hu_HU\" \/>\n<meta property=\"og:type\" content=\"article\" \/>\n<meta property=\"og:title\" content=\"Pilates &#8212; YogaYogi Magyarorsz\u00e1g\" \/>\n<meta property=\"og:description\" content=\"A Pilates a j\u00f3g\u00e1val egy\u00fctt hatalmas trendd\u00e9 v\u00e1lt Magyarorsz\u00e1gon. C\u00e9lunk, hogy min\u00e9l t\u00f6bb olvas\u00f3nkat ismertess\u00fck meg a Pilates el\u0151nyeivel.\" \/>\n<meta property=\"og:url\" content=\"https:\/\/www.yogayogi.hu\/hu\/pilates\/\" \/>\n<meta property=\"og:site_name\" content=\"YogaYogi Magyarorsz\u00e1g\" \/>\n<meta property=\"article:modified_time\" content=\"2025-10-22T06:32:55+00:00\" \/>\n<meta name=\"twitter:card\" content=\"summary_large_image\" \/>\n<meta name=\"twitter:label1\" content=\"Becs\u00fclt olvas\u00e1si id\u0151\" \/>\n\t<meta name=\"twitter:data1\" content=\"1 perc\" \/>\n<script type=\"application\/ld+json\" class=\"yoast-schema-graph\">{\"@context\":\"https:\/\/schema.org\",\"@graph\":[{\"@type\":\"WebPage\",\"@id\":\"https:\/\/www.yogayogi.hu\/hu\/pilates\/\",\"url\":\"https:\/\/www.yogayogi.hu\/hu\/pilates\/\",\"name\":\"Pilates &#8212; YogaYogi Magyarorsz\u00e1g\",\"isPartOf\":{\"@id\":\"https:\/\/www.yogayogi.hu\/hu\/#website\"},\"datePublished\":\"2025-08-11T19:02:07+00:00\",\"dateModified\":\"2025-10-22T06:32:55+00:00\",\"description\":\"A Pilates a j\u00f3g\u00e1val egy\u00fctt hatalmas trendd\u00e9 v\u00e1lt Magyarorsz\u00e1gon. C\u00e9lunk, hogy min\u00e9l t\u00f6bb olvas\u00f3nkat ismertess\u00fck meg a Pilates el\u0151nyeivel.\",\"breadcrumb\":{\"@id\":\"https:\/\/www.yogayogi.hu\/hu\/pilates\/#breadcrumb\"},\"inLanguage\":\"hu\",\"potentialAction\":[{\"@type\":\"ReadAction\",\"target\":[\"https:\/\/www.yogayogi.hu\/hu\/pilates\/\"]}]},{\"@type\":\"BreadcrumbList\",\"@id\":\"https:\/\/www.yogayogi.hu\/hu\/pilates\/#breadcrumb\",\"itemListElement\":[{\"@type\":\"ListItem\",\"position\":1,\"name\":\"Home\",\"item\":\"https:\/\/www.yogayogi.hu\/hu\/\"},{\"@type\":\"ListItem\",\"position\":2,\"name\":\"Pilates\"}]},{\"@type\":\"WebSite\",\"@id\":\"https:\/\/www.yogayogi.hu\/hu\/#website\",\"url\":\"https:\/\/www.yogayogi.hu\/hu\/\",\"name\":\"YogaYogi Magyarorsz\u00e1g\",\"description\":\"Az \u00fatmutat\u00f3d a j\u00f3g\u00e1hoz Magyarorsz\u00e1gon\",\"potentialAction\":[{\"@type\":\"SearchAction\",\"target\":{\"@type\":\"EntryPoint\",\"urlTemplate\":\"https:\/\/www.yogayogi.hu\/hu\/?s={search_term_string}\"},\"query-input\":{\"@type\":\"PropertyValueSpecification\",\"valueRequired\":true,\"valueName\":\"search_term_string\"}}],\"inLanguage\":\"hu\"}]}<\/script>\n<!-- \/ Yoast SEO plugin. -->","yoast_head_json":{"title":"Pilates &#8212; YogaYogi Magyarorsz\u00e1g","description":"A Pilates a j\u00f3g\u00e1val egy\u00fctt hatalmas trendd\u00e9 v\u00e1lt Magyarorsz\u00e1gon. C\u00e9lunk, hogy min\u00e9l t\u00f6bb olvas\u00f3nkat ismertess\u00fck meg a Pilates el\u0151nyeivel.","robots":{"index":"index","follow":"follow","max-snippet":"max-snippet:-1","max-image-preview":"max-image-preview:large","max-video-preview":"max-video-preview:-1"},"canonical":"https:\/\/www.yogayogi.hu\/hu\/pilates\/","og_locale":"hu_HU","og_type":"article","og_title":"Pilates &#8212; YogaYogi Magyarorsz\u00e1g","og_description":"A Pilates a j\u00f3g\u00e1val egy\u00fctt hatalmas trendd\u00e9 v\u00e1lt Magyarorsz\u00e1gon. C\u00e9lunk, hogy min\u00e9l t\u00f6bb olvas\u00f3nkat ismertess\u00fck meg a Pilates el\u0151nyeivel.","og_url":"https:\/\/www.yogayogi.hu\/hu\/pilates\/","og_site_name":"YogaYogi Magyarorsz\u00e1g","article_modified_time":"2025-10-22T06:32:55+00:00","twitter_card":"summary_large_image","twitter_misc":{"Becs\u00fclt olvas\u00e1si id\u0151":"1 perc"},"schema":{"@context":"https:\/\/schema.org","@graph":[{"@type":"WebPage","@id":"https:\/\/www.yogayogi.hu\/hu\/pilates\/","url":"https:\/\/www.yogayogi.hu\/hu\/pilates\/","name":"Pilates &#8212; YogaYogi Magyarorsz\u00e1g","isPartOf":{"@id":"https:\/\/www.yogayogi.hu\/hu\/#website"},"datePublished":"2025-08-11T19:02:07+00:00","dateModified":"2025-10-22T06:32:55+00:00","description":"A Pilates a j\u00f3g\u00e1val egy\u00fctt hatalmas trendd\u00e9 v\u00e1lt Magyarorsz\u00e1gon. C\u00e9lunk, hogy min\u00e9l t\u00f6bb olvas\u00f3nkat ismertess\u00fck meg a Pilates el\u0151nyeivel.","breadcrumb":{"@id":"https:\/\/www.yogayogi.hu\/hu\/pilates\/#breadcrumb"},"inLanguage":"hu","potentialAction":[{"@type":"ReadAction","target":["https:\/\/www.yogayogi.hu\/hu\/pilates\/"]}]},{"@type":"BreadcrumbList","@id":"https:\/\/www.yogayogi.hu\/hu\/pilates\/#breadcrumb","itemListElement":[{"@type":"ListItem","position":1,"name":"Home","item":"https:\/\/www.yogayogi.hu\/hu\/"},{"@type":"ListItem","position":2,"name":"Pilates"}]},{"@type":"WebSite","@id":"https:\/\/www.yogayogi.hu\/hu\/#website","url":"https:\/\/www.yogayogi.hu\/hu\/","name":"YogaYogi Magyarorsz\u00e1g","description":"Az \u00fatmutat\u00f3d a j\u00f3g\u00e1hoz Magyarorsz\u00e1gon","potentialAction":[{"@type":"SearchAction","target":{"@type":"EntryPoint","urlTemplate":"https:\/\/www.yogayogi.hu\/hu\/?s={search_term_string}"},"query-input":{"@type":"PropertyValueSpecification","valueRequired":true,"valueName":"search_term_string"}}],"inLanguage":"hu"}]}},"_links":{"self":[{"href":"https:\/\/www.yogayogi.hu\/hu\/wp-json\/wp\/v2\/pages\/5775","targetHints":{"allow":["GET"]}}],"collection":[{"href":"https:\/\/www.yogayogi.hu\/hu\/wp-json\/wp\/v2\/pages"}],"about":[{"href":"https:\/\/www.yogayogi.hu\/hu\/wp-json\/wp\/v2\/types\/page"}],"author":[{"embeddable":true,"href":"https:\/\/www.yogayogi.hu\/hu\/wp-json\/wp\/v2\/users\/6"}],"replies":[{"embeddable":true,"href":"https:\/\/www.yogayogi.hu\/hu\/wp-json\/wp\/v2\/comments?post=5775"}],"version-history":[{"count":19,"href":"https:\/\/www.yogayogi.hu\/hu\/wp-json\/wp\/v2\/pages\/5775\/revisions"}],"predecessor-version":[{"id":6214,"href":"https:\/\/www.yogayogi.hu\/hu\/wp-json\/wp\/v2\/pages\/5775\/revisions\/6214"}],"wp:attachment":[{"href":"https:\/\/www.yogayogi.hu\/hu\/wp-json\/wp\/v2\/media?parent=5775"}],"curies":[{"name":"wp","href":"https:\/\/api.w.org\/{rel}","templated":true}]}}