{"id":7,"date":"2019-01-23T12:26:59","date_gmt":"2019-01-23T12:26:59","guid":{"rendered":"https:\/\/www.yogayogi.hu\/hu\/?page_id=7"},"modified":"2024-02-11T18:04:02","modified_gmt":"2024-02-11T17:04:02","slug":"kapcsolat","status":"publish","type":"page","link":"https:\/\/www.yogayogi.hu\/hu\/kapcsolat\/","title":{"rendered":"Kapcsolat"},"content":{"rendered":"\t\t<div data-elementor-type=\"wp-page\" data-elementor-id=\"7\" class=\"elementor elementor-7\">\n\t\t\t\t\t\t<section class=\"elementor-section elementor-top-section elementor-element elementor-element-75c7e67 elementor-section-boxed elementor-section-height-default elementor-section-height-default\" data-id=\"75c7e67\" data-element_type=\"section\">\n\t\t\t\t\t\t<div class=\"elementor-container elementor-column-gap-default\">\n\t\t\t\t\t<div class=\"elementor-column elementor-col-100 elementor-top-column elementor-element elementor-element-1823f6ce\" data-id=\"1823f6ce\" data-element_type=\"column\">\n\t\t\t<div class=\"elementor-widget-wrap elementor-element-populated\">\n\t\t\t\t\t\t<div class=\"elementor-element elementor-element-10720312 elementor-widget elementor-widget-text-editor\" data-id=\"10720312\" data-element_type=\"widget\" data-widget_type=\"text-editor.default\">\n\t\t\t\t<div class=\"elementor-widget-container\">\n\t\t\t\t\t\t\t\t\t<p><span style=\"font-weight: 400;\">Szeretn\u00e9nk hallani, mit gondolsz a YogaYogir\u00f3l, dobj egy \u00fczenetet fel\u00e9nk b\u00e1rmikor! <\/span><span style=\"font-weight: 400;\">?<\/span><\/p><p>\u00a0<\/p>\t\t\t\t\t\t\t\t<\/div>\n\t\t\t\t<\/div>\n\t\t\t\t\t<\/div>\n\t\t<\/div>\n\t\t\t\t\t<\/div>\n\t\t<\/section>\n\t\t\t\t<\/div>\n\t\t","protected":false},"excerpt":{"rendered":"","protected":false},"author":1,"featured_media":0,"parent":0,"menu_order":0,"comment_status":"closed","ping_status":"closed","template":"","meta":{"footnotes":""},"class_list":["post-7","page","type-page","status-publish","hentry","odd"],"yoast_head":"<!-- This site is optimized with the Yoast SEO plugin v26.2 - https:\/\/yoast.com\/wordpress\/plugins\/seo\/ -->\n<title>Kapcsolat &#8212; YogaYogi Magyarorsz\u00e1g<\/title>\n<meta name=\"robots\" content=\"index, follow, max-snippet:-1, max-image-preview:large, max-video-preview:-1\" \/>\n<link rel=\"canonical\" href=\"https:\/\/www.yogayogi.hu\/hu\/kapcsolat\/\" \/>\n<meta property=\"og:locale\" content=\"hu_HU\" \/>\n<meta property=\"og:type\" content=\"article\" \/>\n<meta property=\"og:title\" content=\"Kapcsolat &#8212; YogaYogi Magyarorsz\u00e1g\" \/>\n<meta property=\"og:url\" content=\"https:\/\/www.yogayogi.hu\/hu\/kapcsolat\/\" \/>\n<meta property=\"og:site_name\" content=\"YogaYogi Magyarorsz\u00e1g\" \/>\n<meta property=\"article:modified_time\" content=\"2024-02-11T17:04:02+00:00\" \/>\n<meta name=\"twitter:card\" content=\"summary_large_image\" \/>\n<meta name=\"twitter:label1\" content=\"Becs\u00fclt olvas\u00e1si id\u0151\" \/>\n\t<meta name=\"twitter:data1\" content=\"1 perc\" \/>\n<script type=\"application\/ld+json\" class=\"yoast-schema-graph\">{\"@context\":\"https:\/\/schema.org\",\"@graph\":[{\"@type\":\"WebPage\",\"@id\":\"https:\/\/www.yogayogi.hu\/hu\/kapcsolat\/\",\"url\":\"https:\/\/www.yogayogi.hu\/hu\/kapcsolat\/\",\"name\":\"Kapcsolat &#8212; YogaYogi Magyarorsz\u00e1g\",\"isPartOf\":{\"@id\":\"https:\/\/www.yogayogi.hu\/hu\/#website\"},\"datePublished\":\"2019-01-23T12:26:59+00:00\",\"dateModified\":\"2024-02-11T17:04:02+00:00\",\"breadcrumb\":{\"@id\":\"https:\/\/www.yogayogi.hu\/hu\/kapcsolat\/#breadcrumb\"},\"inLanguage\":\"hu\",\"potentialAction\":[{\"@type\":\"ReadAction\",\"target\":[\"https:\/\/www.yogayogi.hu\/hu\/kapcsolat\/\"]}]},{\"@type\":\"BreadcrumbList\",\"@id\":\"https:\/\/www.yogayogi.hu\/hu\/kapcsolat\/#breadcrumb\",\"itemListElement\":[{\"@type\":\"ListItem\",\"position\":1,\"name\":\"Home\",\"item\":\"https:\/\/www.yogayogi.hu\/hu\/\"},{\"@type\":\"ListItem\",\"position\":2,\"name\":\"Kapcsolat\"}]},{\"@type\":\"WebSite\",\"@id\":\"https:\/\/www.yogayogi.hu\/hu\/#website\",\"url\":\"https:\/\/www.yogayogi.hu\/hu\/\",\"name\":\"YogaYogi Magyarorsz\u00e1g\",\"description\":\"Az \u00fatmutat\u00f3d a j\u00f3g\u00e1hoz Magyarorsz\u00e1gon\",\"potentialAction\":[{\"@type\":\"SearchAction\",\"target\":{\"@type\":\"EntryPoint\",\"urlTemplate\":\"https:\/\/www.yogayogi.hu\/hu\/?s={search_term_string}\"},\"query-input\":{\"@type\":\"PropertyValueSpecification\",\"valueRequired\":true,\"valueName\":\"search_term_string\"}}],\"inLanguage\":\"hu\"}]}<\/script>\n<!-- \/ Yoast SEO plugin. -->","yoast_head_json":{"title":"Kapcsolat &#8212; YogaYogi Magyarorsz\u00e1g","robots":{"index":"index","follow":"follow","max-snippet":"max-snippet:-1","max-image-preview":"max-image-preview:large","max-video-preview":"max-video-preview:-1"},"canonical":"https:\/\/www.yogayogi.hu\/hu\/kapcsolat\/","og_locale":"hu_HU","og_type":"article","og_title":"Kapcsolat &#8212; YogaYogi Magyarorsz\u00e1g","og_url":"https:\/\/www.yogayogi.hu\/hu\/kapcsolat\/","og_site_name":"YogaYogi Magyarorsz\u00e1g","article_modified_time":"2024-02-11T17:04:02+00:00","twitter_card":"summary_large_image","twitter_misc":{"Becs\u00fclt olvas\u00e1si id\u0151":"1 perc"},"schema":{"@context":"https:\/\/schema.org","@graph":[{"@type":"WebPage","@id":"https:\/\/www.yogayogi.hu\/hu\/kapcsolat\/","url":"https:\/\/www.yogayogi.hu\/hu\/kapcsolat\/","name":"Kapcsolat &#8212; YogaYogi Magyarorsz\u00e1g","isPartOf":{"@id":"https:\/\/www.yogayogi.hu\/hu\/#website"},"datePublished":"2019-01-23T12:26:59+00:00","dateModified":"2024-02-11T17:04:02+00:00","breadcrumb":{"@id":"https:\/\/www.yogayogi.hu\/hu\/kapcsolat\/#breadcrumb"},"inLanguage":"hu","potentialAction":[{"@type":"ReadAction","target":["https:\/\/www.yogayogi.hu\/hu\/kapcsolat\/"]}]},{"@type":"BreadcrumbList","@id":"https:\/\/www.yogayogi.hu\/hu\/kapcsolat\/#breadcrumb","itemListElement":[{"@type":"ListItem","position":1,"name":"Home","item":"https:\/\/www.yogayogi.hu\/hu\/"},{"@type":"ListItem","position":2,"name":"Kapcsolat"}]},{"@type":"WebSite","@id":"https:\/\/www.yogayogi.hu\/hu\/#website","url":"https:\/\/www.yogayogi.hu\/hu\/","name":"YogaYogi Magyarorsz\u00e1g","description":"Az \u00fatmutat\u00f3d a j\u00f3g\u00e1hoz Magyarorsz\u00e1gon","potentialAction":[{"@type":"SearchAction","target":{"@type":"EntryPoint","urlTemplate":"https:\/\/www.yogayogi.hu\/hu\/?s={search_term_string}"},"query-input":{"@type":"PropertyValueSpecification","valueRequired":true,"valueName":"search_term_string"}}],"inLanguage":"hu"}]}},"_links":{"self":[{"href":"https:\/\/www.yogayogi.hu\/hu\/wp-json\/wp\/v2\/pages\/7","targetHints":{"allow":["GET"]}}],"collection":[{"href":"https:\/\/www.yogayogi.hu\/hu\/wp-json\/wp\/v2\/pages"}],"about":[{"href":"https:\/\/www.yogayogi.hu\/hu\/wp-json\/wp\/v2\/types\/page"}],"author":[{"embeddable":true,"href":"https:\/\/www.yogayogi.hu\/hu\/wp-json\/wp\/v2\/users\/1"}],"replies":[{"embeddable":true,"href":"https:\/\/www.yogayogi.hu\/hu\/wp-json\/wp\/v2\/comments?post=7"}],"version-history":[{"count":7,"href":"https:\/\/www.yogayogi.hu\/hu\/wp-json\/wp\/v2\/pages\/7\/revisions"}],"predecessor-version":[{"id":3380,"href":"https:\/\/www.yogayogi.hu\/hu\/wp-json\/wp\/v2\/pages\/7\/revisions\/3380"}],"wp:attachment":[{"href":"https:\/\/www.yogayogi.hu\/hu\/wp-json\/wp\/v2\/media?parent=7"}],"curies":[{"name":"wp","href":"https:\/\/api.w.org\/{rel}","templated":true}]}}