{"id":9,"date":"2019-01-23T12:27:24","date_gmt":"2019-01-23T12:27:24","guid":{"rendered":"https:\/\/www.yogayogi.hu\/hu\/?page_id=9"},"modified":"2026-03-25T10:02:21","modified_gmt":"2026-03-25T09:02:21","slug":"studios","status":"publish","type":"page","link":"https:\/\/www.yogayogi.hu\/hu\/studios\/","title":{"rendered":"J\u00f3ga St\u00fadi\u00f3k"},"content":{"rendered":"\t\t<div data-elementor-type=\"wp-page\" data-elementor-id=\"9\" class=\"elementor elementor-9\">\n\t\t\t\t\t\t<section class=\"elementor-section elementor-top-section elementor-element elementor-element-192ee474 elementor-section-boxed elementor-section-height-default elementor-section-height-default\" data-id=\"192ee474\" data-element_type=\"section\">\n\t\t\t\t\t\t<div class=\"elementor-container elementor-column-gap-default\">\n\t\t\t\t\t<div class=\"elementor-column elementor-col-100 elementor-top-column elementor-element elementor-element-57460306\" data-id=\"57460306\" data-element_type=\"column\">\n\t\t\t<div class=\"elementor-widget-wrap elementor-element-populated\">\n\t\t\t\t\t\t<div class=\"elementor-element elementor-element-24c34ec0 elementor-widget elementor-widget-text-editor\" data-id=\"24c34ec0\" data-element_type=\"widget\" data-widget_type=\"text-editor.default\">\n\t\t\t\t<div class=\"elementor-widget-container\">\n\t\t\t\t\t\t\t\t\t<p class=\"isSelectedEnd\">Van, amikor nem egy edz\u00e9st keresel \u2014 hanem egy teret, ahol lelassulhatsz.<\/p><p class=\"isSelectedEnd\">Ahol a mozdulatok nem teljes\u00edtm\u00e9nyr\u0151l sz\u00f3lnak, hanem jelenl\u00e9tr\u0151l.<br \/>Ahol a csend ugyanolyan fontos, mint a gyakorl\u00e1s.<\/p><p class=\"isSelectedEnd\">A YogaYogi gondosan v\u00e1logatott aj\u00e1nl\u00e1saiban a <strong>legjobb budapesti j\u00f3gast\u00fadi\u00f3k<\/strong> jelennek meg \u2014 nem listak\u00e9nt, hanem val\u00f3di \u00e9lm\u00e9nyk\u00e9nt.<\/p><p class=\"isSelectedEnd\">Minden helyet szem\u00e9lyesen tapasztalunk meg, hogy olyan tereket mutathassunk, ahol a min\u0151s\u00e9g, a figyelem \u00e9s a nyugalom term\u00e9szetesen van jelen.<\/p><p class=\"isSelectedEnd\">Itt nem kell keresg\u00e9lned. Csak meg\u00e9rkezni.<\/p>\t\t\t\t\t\t\t\t<\/div>\n\t\t\t\t<\/div>\n\t\t\t\t\t<\/div>\n\t\t<\/div>\n\t\t\t\t\t<\/div>\n\t\t<\/section>\n\t\t\t\t<\/div>\n\t\t","protected":false},"excerpt":{"rendered":"","protected":false},"author":1,"featured_media":0,"parent":0,"menu_order":0,"comment_status":"closed","ping_status":"closed","template":"","meta":{"footnotes":""},"class_list":["post-9","page","type-page","status-publish","hentry","odd"],"yoast_head":"<!-- This site is optimized with the Yoast SEO plugin v26.2 - https:\/\/yoast.com\/wordpress\/plugins\/seo\/ -->\n<title>J\u00f3ga St\u00fadi\u00f3k &#8212; YogaYogi Magyarorsz\u00e1g<\/title>\n<meta name=\"description\" content=\"Itt az \u00e1ltalunk kipr\u00f3b\u00e1lt \u00e9s aj\u00e1nlott j\u00f3ga st\u00fadi\u00f3k tal\u00e1lhat\u00f3ak - hiszen tudjuk, hogy szinte lehetetlen els\u0151re megmondani, melyik a legjobb!\" \/>\n<meta name=\"robots\" content=\"index, follow, max-snippet:-1, max-image-preview:large, max-video-preview:-1\" \/>\n<link rel=\"canonical\" href=\"https:\/\/www.yogayogi.hu\/hu\/studios\/\" \/>\n<meta property=\"og:locale\" content=\"hu_HU\" \/>\n<meta property=\"og:type\" content=\"article\" \/>\n<meta property=\"og:title\" content=\"J\u00f3ga St\u00fadi\u00f3k &#8212; YogaYogi Magyarorsz\u00e1g\" \/>\n<meta property=\"og:description\" content=\"Itt az \u00e1ltalunk kipr\u00f3b\u00e1lt \u00e9s aj\u00e1nlott j\u00f3ga st\u00fadi\u00f3k tal\u00e1lhat\u00f3ak - hiszen tudjuk, hogy szinte lehetetlen els\u0151re megmondani, melyik a legjobb!\" \/>\n<meta property=\"og:url\" content=\"https:\/\/www.yogayogi.hu\/hu\/studios\/\" \/>\n<meta property=\"og:site_name\" content=\"YogaYogi Magyarorsz\u00e1g\" \/>\n<meta property=\"article:modified_time\" content=\"2026-03-25T09:02:21+00:00\" \/>\n<meta name=\"twitter:card\" content=\"summary_large_image\" \/>\n<meta name=\"twitter:label1\" content=\"Becs\u00fclt olvas\u00e1si id\u0151\" \/>\n\t<meta name=\"twitter:data1\" content=\"1 perc\" \/>\n<script type=\"application\/ld+json\" class=\"yoast-schema-graph\">{\"@context\":\"https:\/\/schema.org\",\"@graph\":[{\"@type\":\"WebPage\",\"@id\":\"https:\/\/www.yogayogi.hu\/hu\/studios\/\",\"url\":\"https:\/\/www.yogayogi.hu\/hu\/studios\/\",\"name\":\"J\u00f3ga St\u00fadi\u00f3k &#8212; YogaYogi Magyarorsz\u00e1g\",\"isPartOf\":{\"@id\":\"https:\/\/www.yogayogi.hu\/hu\/#website\"},\"datePublished\":\"2019-01-23T12:27:24+00:00\",\"dateModified\":\"2026-03-25T09:02:21+00:00\",\"description\":\"Itt az \u00e1ltalunk kipr\u00f3b\u00e1lt \u00e9s aj\u00e1nlott j\u00f3ga st\u00fadi\u00f3k tal\u00e1lhat\u00f3ak - hiszen tudjuk, hogy szinte lehetetlen els\u0151re megmondani, melyik a legjobb!\",\"breadcrumb\":{\"@id\":\"https:\/\/www.yogayogi.hu\/hu\/studios\/#breadcrumb\"},\"inLanguage\":\"hu\",\"potentialAction\":[{\"@type\":\"ReadAction\",\"target\":[\"https:\/\/www.yogayogi.hu\/hu\/studios\/\"]}]},{\"@type\":\"BreadcrumbList\",\"@id\":\"https:\/\/www.yogayogi.hu\/hu\/studios\/#breadcrumb\",\"itemListElement\":[{\"@type\":\"ListItem\",\"position\":1,\"name\":\"Home\",\"item\":\"https:\/\/www.yogayogi.hu\/hu\/\"},{\"@type\":\"ListItem\",\"position\":2,\"name\":\"J\u00f3ga St\u00fadi\u00f3k\"}]},{\"@type\":\"WebSite\",\"@id\":\"https:\/\/www.yogayogi.hu\/hu\/#website\",\"url\":\"https:\/\/www.yogayogi.hu\/hu\/\",\"name\":\"YogaYogi Magyarorsz\u00e1g\",\"description\":\"Az \u00fatmutat\u00f3d a j\u00f3g\u00e1hoz Magyarorsz\u00e1gon\",\"potentialAction\":[{\"@type\":\"SearchAction\",\"target\":{\"@type\":\"EntryPoint\",\"urlTemplate\":\"https:\/\/www.yogayogi.hu\/hu\/?s={search_term_string}\"},\"query-input\":{\"@type\":\"PropertyValueSpecification\",\"valueRequired\":true,\"valueName\":\"search_term_string\"}}],\"inLanguage\":\"hu\"}]}<\/script>\n<!-- \/ Yoast SEO plugin. -->","yoast_head_json":{"title":"J\u00f3ga St\u00fadi\u00f3k &#8212; YogaYogi Magyarorsz\u00e1g","description":"Itt az \u00e1ltalunk kipr\u00f3b\u00e1lt \u00e9s aj\u00e1nlott j\u00f3ga st\u00fadi\u00f3k tal\u00e1lhat\u00f3ak - hiszen tudjuk, hogy szinte lehetetlen els\u0151re megmondani, melyik a legjobb!","robots":{"index":"index","follow":"follow","max-snippet":"max-snippet:-1","max-image-preview":"max-image-preview:large","max-video-preview":"max-video-preview:-1"},"canonical":"https:\/\/www.yogayogi.hu\/hu\/studios\/","og_locale":"hu_HU","og_type":"article","og_title":"J\u00f3ga St\u00fadi\u00f3k &#8212; YogaYogi Magyarorsz\u00e1g","og_description":"Itt az \u00e1ltalunk kipr\u00f3b\u00e1lt \u00e9s aj\u00e1nlott j\u00f3ga st\u00fadi\u00f3k tal\u00e1lhat\u00f3ak - hiszen tudjuk, hogy szinte lehetetlen els\u0151re megmondani, melyik a legjobb!","og_url":"https:\/\/www.yogayogi.hu\/hu\/studios\/","og_site_name":"YogaYogi Magyarorsz\u00e1g","article_modified_time":"2026-03-25T09:02:21+00:00","twitter_card":"summary_large_image","twitter_misc":{"Becs\u00fclt olvas\u00e1si id\u0151":"1 perc"},"schema":{"@context":"https:\/\/schema.org","@graph":[{"@type":"WebPage","@id":"https:\/\/www.yogayogi.hu\/hu\/studios\/","url":"https:\/\/www.yogayogi.hu\/hu\/studios\/","name":"J\u00f3ga St\u00fadi\u00f3k &#8212; YogaYogi Magyarorsz\u00e1g","isPartOf":{"@id":"https:\/\/www.yogayogi.hu\/hu\/#website"},"datePublished":"2019-01-23T12:27:24+00:00","dateModified":"2026-03-25T09:02:21+00:00","description":"Itt az \u00e1ltalunk kipr\u00f3b\u00e1lt \u00e9s aj\u00e1nlott j\u00f3ga st\u00fadi\u00f3k tal\u00e1lhat\u00f3ak - hiszen tudjuk, hogy szinte lehetetlen els\u0151re megmondani, melyik a legjobb!","breadcrumb":{"@id":"https:\/\/www.yogayogi.hu\/hu\/studios\/#breadcrumb"},"inLanguage":"hu","potentialAction":[{"@type":"ReadAction","target":["https:\/\/www.yogayogi.hu\/hu\/studios\/"]}]},{"@type":"BreadcrumbList","@id":"https:\/\/www.yogayogi.hu\/hu\/studios\/#breadcrumb","itemListElement":[{"@type":"ListItem","position":1,"name":"Home","item":"https:\/\/www.yogayogi.hu\/hu\/"},{"@type":"ListItem","position":2,"name":"J\u00f3ga St\u00fadi\u00f3k"}]},{"@type":"WebSite","@id":"https:\/\/www.yogayogi.hu\/hu\/#website","url":"https:\/\/www.yogayogi.hu\/hu\/","name":"YogaYogi Magyarorsz\u00e1g","description":"Az \u00fatmutat\u00f3d a j\u00f3g\u00e1hoz Magyarorsz\u00e1gon","potentialAction":[{"@type":"SearchAction","target":{"@type":"EntryPoint","urlTemplate":"https:\/\/www.yogayogi.hu\/hu\/?s={search_term_string}"},"query-input":{"@type":"PropertyValueSpecification","valueRequired":true,"valueName":"search_term_string"}}],"inLanguage":"hu"}]}},"_links":{"self":[{"href":"https:\/\/www.yogayogi.hu\/hu\/wp-json\/wp\/v2\/pages\/9","targetHints":{"allow":["GET"]}}],"collection":[{"href":"https:\/\/www.yogayogi.hu\/hu\/wp-json\/wp\/v2\/pages"}],"about":[{"href":"https:\/\/www.yogayogi.hu\/hu\/wp-json\/wp\/v2\/types\/page"}],"author":[{"embeddable":true,"href":"https:\/\/www.yogayogi.hu\/hu\/wp-json\/wp\/v2\/users\/1"}],"replies":[{"embeddable":true,"href":"https:\/\/www.yogayogi.hu\/hu\/wp-json\/wp\/v2\/comments?post=9"}],"version-history":[{"count":4,"href":"https:\/\/www.yogayogi.hu\/hu\/wp-json\/wp\/v2\/pages\/9\/revisions"}],"predecessor-version":[{"id":6961,"href":"https:\/\/www.yogayogi.hu\/hu\/wp-json\/wp\/v2\/pages\/9\/revisions\/6961"}],"wp:attachment":[{"href":"https:\/\/www.yogayogi.hu\/hu\/wp-json\/wp\/v2\/media?parent=9"}],"curies":[{"name":"wp","href":"https:\/\/api.w.org\/{rel}","templated":true}]}}